{"id":6068,"date":"2025-07-22T12:41:58","date_gmt":"2025-07-22T10:41:58","guid":{"rendered":"https:\/\/congresofanpse.org\/2026\/?page_id=6068"},"modified":"2025-07-22T13:00:16","modified_gmt":"2025-07-22T11:00:16","slug":"preguntas-frecuentes","status":"publish","type":"page","link":"https:\/\/congresofanpse.org\/2026\/preguntas-frecuentes\/","title":{"rendered":"Preguntas frecuentes"},"content":{"rendered":"<p>[vc_row el_class=\u00bbintro-sede\u00bb][vc_column][vc_column_text]<\/p>\n<h2 style=\"color: #1e5795; padding-bottom: 15px;\"><b><span data-contrast=\"auto\">INDICACIONES BREVES PARA EL ENV\u00cdO DE COMUNICACIONES<\/span><\/b><\/h2>\n<p>[\/vc_column_text][vc_row_inner][vc_column_inner][vc_toggle title=\u00bb\u00bfDebo registrarme y seleccionar una cuota?\u00bb style=\u00bbsquare\u00bb open=\u00bbtrue\u00bb]S\u00ed, se requiere un registro en la plataforma indicando datos personales y la selecci\u00f3n de una cuota de inscripci\u00f3n. La elecci\u00f3n de cuota y medio de pago; <strong>no requiere el abono de esta en el momento de registro<\/strong>. Puede dejarse pendiente de pago hasta la aceptaci\u00f3n de la comunicaci\u00f3n, se respetar\u00e1 la cuota seleccionada. En caso de que su inscripci\u00f3n la vaya a abonar una empresa, pero ya se haya realizado el registro, se puede indicar los datos de facturaci\u00f3n de la empresa o la empresa contactar con la Secretar\u00eda directamente para realizar la correspondiente gesti\u00f3n. La plataforma no permitir\u00e1 duplicar el registro utilizando el mismo correo electr\u00f3nico.[\/vc_toggle][vc_toggle title=\u00bb\u00bfQu\u00e9 hago si yo no soy el primer autor\/a?\u00bb style=\u00bbsquare\u00bb]En caso de que el primer autor\/a no sea la misma persona que env\u00eda la comunicaci\u00f3n, podr\u00e1 modificarse mientras est\u00e1 cumplimentando el formulario, o bien una vez enviada, accediendo al \u00e1rea personal:\u00a0<a href=\"https:\/\/app.bipeek.com\/\" target=\"_blank\" rel=\"noopener\">https:\/\/app.bipeek.com\/<\/a>, desde el apartado autores; se podr\u00e1n modificar datos como: el primer autor\/a, el presentador\/a, etc. De este modo, la persona que env\u00eda la comunicaci\u00f3n, pero no desee participar en el congreso podr\u00eda anular su inscripci\u00f3n dejando ya estipulado quien se encargar\u00e1 de presentar la misma.[\/vc_toggle][vc_toggle title=\u00bb\u00bfQu\u00e9 significa el estado Borrador\/ Pendiente de Evaluaci\u00f3n?\u00bb style=\u00bbsquare\u00bb]El estado Borrador permitir\u00e1 que la persona que env\u00ede la comunicaci\u00f3n pueda hacer cambios en la misma, modificaciones e incluso retirarla. Una vez la comunicaci\u00f3n est\u00e1 correcta para poder evaluar debe indicarse como Pendiente de evaluaci\u00f3n. En el estado Pendiente de Evaluaci\u00f3n no admitir\u00e1 cambios. Deber\u00e1 contactarse con la Secretar\u00eda en caso de requerirlos.[\/vc_toggle][vc_toggle title=\u00bbSi ya he enviado una comunicaci\u00f3n, pero quiero enviar m\u00e1s, \u00bfme debo volver a registrar?\u00bb style=\u00bbsquare\u00bb]No, accediendo a\u00a0<a href=\"https:\/\/app.bipeek.com\/\" target=\"_blank\" rel=\"noopener noreferrer\">https:\/\/app.bipeek.com\/<\/a>, con tu email y la contrase\u00f1a indicada en el momento de registro podr\u00e1s visualizar y modificar los datos de tu registro en el congreso. Desde el apartado de comunicaci\u00f3n podr\u00e1s enviar m\u00e1s y modificar datos de la ya enviada mientras se encuentre en estado Borrador. Las comunicaciones en estado Borrador, no ser\u00e1n enviadas a evaluar.[\/vc_toggle][\/vc_column_inner][\/vc_row_inner][\/vc_column][\/vc_row]<\/p>\n","protected":false},"excerpt":{"rendered":"<p>[vc_row el_class=\u00bbintro-sede\u00bb][vc_column][vc_column_text] INDICACIONES BREVES PARA EL ENV\u00cdO DE COMUNICACIONES [\/vc_column_text][vc_row_inner][vc_column_inner][vc_toggle title=\u00bb\u00bfDebo registrarme y seleccionar una cuota?\u00bb style=\u00bbsquare\u00bb open=\u00bbtrue\u00bb]S\u00ed, se requiere un registro en la plataforma indicando datos personales y la selecci\u00f3n de una cuota de inscripci\u00f3n. La elecci\u00f3n de cuota y medio de pago; no requiere el abono de esta en el momento de registro&#8230;.<\/p>\n","protected":false},"author":3,"featured_media":0,"parent":0,"menu_order":0,"comment_status":"closed","ping_status":"closed","template":"","meta":{"_monsterinsights_skip_tracking":false,"_monsterinsights_sitenote_active":false,"_monsterinsights_sitenote_note":"","_monsterinsights_sitenote_category":0,"footnotes":""},"aioseo_notices":[],"_links":{"self":[{"href":"https:\/\/congresofanpse.org\/2026\/wp-json\/wp\/v2\/pages\/6068"}],"collection":[{"href":"https:\/\/congresofanpse.org\/2026\/wp-json\/wp\/v2\/pages"}],"about":[{"href":"https:\/\/congresofanpse.org\/2026\/wp-json\/wp\/v2\/types\/page"}],"author":[{"embeddable":true,"href":"https:\/\/congresofanpse.org\/2026\/wp-json\/wp\/v2\/users\/3"}],"replies":[{"embeddable":true,"href":"https:\/\/congresofanpse.org\/2026\/wp-json\/wp\/v2\/comments?post=6068"}],"version-history":[{"count":10,"href":"https:\/\/congresofanpse.org\/2026\/wp-json\/wp\/v2\/pages\/6068\/revisions"}],"predecessor-version":[{"id":6084,"href":"https:\/\/congresofanpse.org\/2026\/wp-json\/wp\/v2\/pages\/6068\/revisions\/6084"}],"wp:attachment":[{"href":"https:\/\/congresofanpse.org\/2026\/wp-json\/wp\/v2\/media?parent=6068"}],"curies":[{"name":"wp","href":"https:\/\/api.w.org\/{rel}","templated":true}]}}