{"id":5044,"date":"2023-10-04T08:49:30","date_gmt":"2023-10-04T06:49:30","guid":{"rendered":"https:\/\/congresofanpse.org\/2024\/?page_id=5044"},"modified":"2025-12-12T13:05:15","modified_gmt":"2025-12-12T12:05:15","slug":"alojamiento","status":"publish","type":"page","link":"https:\/\/congresofanpse.org\/2026\/alojamiento\/","title":{"rendered":"Alojamiento"},"content":{"rendered":"<p>[vc_row el_class=\u00bbintro-sede alojamiento hotel-responsive\u00bb][vc_column width=\u00bb1\/2&#8243;][vc_column_text]<\/p>\n<h2 style=\"color: #1e5795; padding-bottom: 0px;\"><b><span data-contrast=\"auto\">Hotel Medium Valencia ****<\/span><\/b><\/h2>\n<p><span class=\"TextRun SCXW172009853 BCX0\" lang=\"ES-ES\" xml:lang=\"ES-ES\" data-contrast=\"auto\"><span class=\"NormalTextRun SCXW172009853 BCX0\">Direcci\u00f3n: <span data-olk-copy-source=\"MessageBody\">Av. d&#8217;Amado Granell Mesado, 48, 46013 Valencia<\/span><\/span><\/span><span class=\"EOP SCXW172009853 BCX0\" data-ccp-props=\"{&quot;201341983&quot;:0,&quot;335559739&quot;:160,&quot;335559740&quot;:259}\">.<\/span><\/p>\n<p style=\"padding-bottom: 10px;\"><a href=\"https:\/\/www.mediumhoteles.com\/hotel-medium-valencia\/\" target=\"_blank\" rel=\"noopener\"><span data-contrast=\"none\">Ir a la web<\/span><\/a><\/p>\n<p>Se podr\u00e1 realizar la reserva de alojamiento a trav\u00e9s de la web del hotel. Deber\u00e1 indicar el siguiente c\u00f3digo promocional para obtener la tarifa bonificada: <strong>FANPSE2026<\/strong><\/p>\n<p><span data-olk-copy-source=\"MessageBody\"><strong>El hotel medium valencia<\/strong> est\u00e1 situado a 1 minuto a pie de la <strong>sede<\/strong> y a 10 minutos caminando de la <strong>Ciudad de las Artes y las Ciencias<\/strong>.<\/span><\/p>\n<p><i>Para cualquier consulta contacta directamente con el hotel en\u00a0el 963 34 78 00\u00a0<a title=\"mailto:mediumvalencia@mediumhoteles.com\" href=\"mailto:mediumvalencia@mediumhoteles.com\" data-linkindex=\"11\">mediumvalencia@mediumhoteles.com<\/a><\/i>.[\/vc_column_text][\/vc_column][vc_column width=\u00bb1\/2&#8243; el_class=\u00bbimg-sede img-alojamiento\u00bb][vc_single_image image=\u00bb5971&#8243; img_size=\u00bbfull\u00bb alignment=\u00bbright\u00bb][vc_single_image image=\u00bb5972&#8243; img_size=\u00bbfull\u00bb alignment=\u00bbright\u00bb][\/vc_column][\/vc_row][vc_row el_class=\u00bbintro-sede alojamiento hotel-pc\u00bb][vc_column][vc_separator color=\u00bbcustom\u00bb border_width=\u00bb2&#8243; accent_color=\u00bb#198bcb\u00bb el_class=\u00bbseparador-alojamiento\u00bb][\/vc_column][\/vc_row][vc_row el_class=\u00bbintro-sede alojamiento\u00bb][vc_column width=\u00bb1\/2&#8243;][vc_column_text]<\/p>\n<h2 style=\"color: #1e5795; padding-bottom: 0px;\"><b><span data-contrast=\"auto\">Hotel Exe Rey Don Jaime Valencia ****<\/span><\/b><\/h2>\n<p><span class=\"TextRun SCXW172009853 BCX0\" lang=\"ES-ES\" xml:lang=\"ES-ES\" data-contrast=\"auto\"><span class=\"NormalTextRun SCXW172009853 BCX0\">Direcci\u00f3n: <span data-olk-copy-source=\"MessageBody\">Av. de les Balears, 2, 46023 Valencia<\/span><\/span><\/span><span class=\"EOP SCXW172009853 BCX0\" data-ccp-props=\"{&quot;201341983&quot;:0,&quot;335559739&quot;:160,&quot;335559740&quot;:259}\">.<\/span><\/p>\n<p style=\"padding-bottom: 10px;\"><a href=\"https:\/\/www.eurostarshotels.com\/exe-rey-don-jaime.html\" target=\"_blank\" rel=\"noopener\"><span data-contrast=\"none\">Ir a la web<\/span><\/a><\/p>\n<p><span data-olk-copy-source=\"MessageBody\">Se podr\u00e1 realizar la reserva de alojamiento a trav\u00e9s de la web del hotel. Deber\u00e1 indicar el siguiente c\u00f3digo promocional para obtener la tarifa bonificada:\u00a0<\/span><b>FANPSE2026<\/b><\/p>\n<p><b><span data-olk-copy-source=\"MessageBody\">El Exe Rey Don Jaime<\/span><\/b> est\u00e1 situado a 16 minutos a pie de la\u00a0<b>sede<\/b> y a 5 minutos en coche del<b>\u00a0Ilustre Colegio Oficial de M\u00e9dicos de Valencia (ICOMV).<\/b><\/p>\n<p><i>Para cualquier consulta contacta directamente con el hotel en el (+34) 96 337 50 30 o en su <a href=\"https:\/\/www.eurostarshotels.com\/exe-rey-don-jaime.html\" target=\"_blank\" rel=\"noopener\">web<\/a>.<\/i>[\/vc_column_text][\/vc_column][vc_column width=\u00bb1\/2&#8243; el_class=\u00bbimg-sede img-alojamiento\u00bb][vc_single_image image=\u00bb6279&#8243; img_size=\u00bbfull\u00bb alignment=\u00bbright\u00bb][vc_single_image image=\u00bb6280&#8243; img_size=\u00bbfull\u00bb alignment=\u00bbright\u00bb][\/vc_column][\/vc_row][vc_row disable_element=\u00bbyes\u00bb el_class=\u00bbintro-sede alojamiento premios\u00bb css=\u00bb.vc_custom_1753251530739{margin-top: 10px !important;margin-bottom: -20px !important;}\u00bb][vc_column][vc_column_text el_class=\u00bbponencia\u00bb]<\/p>\n<p style=\"text-align: center;\"><i><span data-contrast=\"auto\">* Precios sujetos a disponibilidad en el momento de realizar la reserva. Plazas limitadas. Precios en r\u00e9gimen de alojamiento y desayuno. IVA incluido.<\/span><\/i><\/p>\n<p>[\/vc_column_text][\/vc_column][\/vc_row]<\/p>\n","protected":false},"excerpt":{"rendered":"<p>[vc_row el_class=\u00bbintro-sede alojamiento hotel-responsive\u00bb][vc_column width=\u00bb1\/2&#8243;][vc_column_text] Hotel Medium Valencia **** Direcci\u00f3n: Av. d&#8217;Amado Granell Mesado, 48, 46013 Valencia. Ir a la web Se podr\u00e1 realizar la reserva de alojamiento a trav\u00e9s de la web del hotel. Deber\u00e1 indicar el siguiente c\u00f3digo promocional para obtener la tarifa bonificada: FANPSE2026 El hotel medium valencia est\u00e1 situado a 1&#8230;<\/p>\n","protected":false},"author":3,"featured_media":0,"parent":0,"menu_order":0,"comment_status":"closed","ping_status":"closed","template":"","meta":{"_monsterinsights_skip_tracking":false,"_monsterinsights_sitenote_active":false,"_monsterinsights_sitenote_note":"","_monsterinsights_sitenote_category":0,"footnotes":""},"aioseo_notices":[],"_links":{"self":[{"href":"https:\/\/congresofanpse.org\/2026\/wp-json\/wp\/v2\/pages\/5044"}],"collection":[{"href":"https:\/\/congresofanpse.org\/2026\/wp-json\/wp\/v2\/pages"}],"about":[{"href":"https:\/\/congresofanpse.org\/2026\/wp-json\/wp\/v2\/types\/page"}],"author":[{"embeddable":true,"href":"https:\/\/congresofanpse.org\/2026\/wp-json\/wp\/v2\/users\/3"}],"replies":[{"embeddable":true,"href":"https:\/\/congresofanpse.org\/2026\/wp-json\/wp\/v2\/comments?post=5044"}],"version-history":[{"count":43,"href":"https:\/\/congresofanpse.org\/2026\/wp-json\/wp\/v2\/pages\/5044\/revisions"}],"predecessor-version":[{"id":6283,"href":"https:\/\/congresofanpse.org\/2026\/wp-json\/wp\/v2\/pages\/5044\/revisions\/6283"}],"wp:attachment":[{"href":"https:\/\/congresofanpse.org\/2026\/wp-json\/wp\/v2\/media?parent=5044"}],"curies":[{"name":"wp","href":"https:\/\/api.w.org\/{rel}","templated":true}]}}