{"id":4414,"date":"2023-05-12T10:24:09","date_gmt":"2023-05-12T08:24:09","guid":{"rendered":"https:\/\/congresofanpse.org\/?page_id=4414"},"modified":"2026-02-18T14:32:20","modified_gmt":"2026-02-18T13:32:20","slug":"colaboradores","status":"publish","type":"page","link":"https:\/\/congresofanpse.org\/2026\/colaboradores\/","title":{"rendered":"Colaboradores"},"content":{"rendered":"<p>[vc_row el_class=\u00bbintro-sede logos-colabora\u00bb][vc_column][vc_column_text]<\/p>\n<h2 style=\"color: #1e5795;\"><b><span data-contrast=\"auto\">ORGANIZA<\/span><\/b><\/h2>\n<p>[\/vc_column_text][vc_row_inner el_class=\u00bbfila\u00bb][vc_column_inner el_class=\u00bbcolumna\u00bb width=\u00bb1\/2&#8243;][vc_single_image image=\u00bb6302&#8243; img_size=\u00bbfull\u00bb alignment=\u00bbcenter\u00bb onclick=\u00bbcustom_link\u00bb img_link_target=\u00bb_blank\u00bb link=\u00bbhttps:\/\/fanpse.org\/\u00bb][\/vc_column_inner][vc_column_inner el_class=\u00bbcolumna\u00bb width=\u00bb1\/2&#8243;][vc_single_image image=\u00bb6298&#8243; img_size=\u00bbfull\u00bb alignment=\u00bbcenter\u00bb onclick=\u00bbcustom_link\u00bb img_link_target=\u00bb_blank\u00bb link=\u00bbhttps:\/\/www.svneuropsicologia.com\/\u00bb][\/vc_column_inner][\/vc_row_inner][\/vc_column][\/vc_row][vc_row el_class=\u00bbintro-sede logos-colabora\u00bb css=\u00bb.vc_custom_1770707977150{padding-top: 20px !important;}\u00bb][vc_column][vc_column_text]<\/p>\n<h2 style=\"color: #1e5795;\"><b><span data-contrast=\"auto\">AVALADO POR<\/span><\/b><\/h2>\n<p>[\/vc_column_text][vc_row_inner el_class=\u00bbfila\u00bb][vc_column_inner el_class=\u00bbtexto-logo\u00bb width=\u00bb1\/2&#8243;][vc_column_text]<strong>Federaci\u00f3n Europea de Sociedades de Neuropsicolog\u00eda<\/strong>[\/vc_column_text][\/vc_column_inner][vc_column_inner el_class=\u00bbtexto-logo\u00bb width=\u00bb1\/2&#8243;][vc_column_text]<strong>Sociedad Espa\u00f1ola de Neurorrehabilitaci\u00f3n<\/strong>[\/vc_column_text][\/vc_column_inner][\/vc_row_inner][vc_row_inner el_class=\u00bbfila\u00bb][vc_column_inner el_class=\u00bbcolumna margen-logo\u00bb width=\u00bb1\/2&#8243;][vc_single_image image=\u00bb6335&#8243; img_size=\u00bbfull\u00bb alignment=\u00bbcenter\u00bb onclick=\u00bbcustom_link\u00bb img_link_target=\u00bb_blank\u00bb link=\u00bbhttps:\/\/www.fesn.eu\/\u00bb][\/vc_column_inner][vc_column_inner el_class=\u00bbcolumna margen-logo\u00bb width=\u00bb1\/2&#8243;][vc_single_image image=\u00bb6348&#8243; img_size=\u00bbfull\u00bb alignment=\u00bbcenter\u00bb onclick=\u00bbcustom_link\u00bb img_link_target=\u00bb_blank\u00bb link=\u00bbhttps:\/\/www.neuro-reha.com\/\u00bb][\/vc_column_inner][\/vc_row_inner][\/vc_column][\/vc_row][vc_row el_class=\u00bbintro-sede logos-colabora\u00bb css=\u00bb.vc_custom_1762240856798{padding-top: 20px !important;}\u00bb][vc_column][vc_column_text]<\/p>\n<h2 style=\"color: #1e5795;\"><b><span data-contrast=\"auto\">PATROCINA<\/span><\/b><\/h2>\n<p>[\/vc_column_text][vc_row_inner disable_element=\u00bbyes\u00bb el_class=\u00bbfila\u00bb][vc_column_inner el_class=\u00bbcolumna\u00bb width=\u00bb1\/2&#8243;][vc_single_image image=\u00bb5645&#8243; img_size=\u00bbfull\u00bb alignment=\u00bbcenter\u00bb onclick=\u00bbcustom_link\u00bb img_link_target=\u00bb_blank\u00bb link=\u00bbhttps:\/\/www.glifing.com\/\u00bb][\/vc_column_inner][vc_column_inner el_class=\u00bbcolumna\u00bb width=\u00bb1\/2&#8243;][\/vc_column_inner][\/vc_row_inner][vc_row_inner el_class=\u00bbfila\u00bb][vc_column_inner el_class=\u00bbcolumna\u00bb width=\u00bb1\/2&#8243;][vc_single_image image=\u00bb6327&#8243; img_size=\u00bbfull\u00bb alignment=\u00bbcenter\u00bb onclick=\u00bbcustom_link\u00bb img_link_target=\u00bb_blank\u00bb link=\u00bbhttps:\/\/www.farmasierra.com\/\u00bb][\/vc_column_inner][vc_column_inner el_class=\u00bbcolumna margen-logo\u00bb width=\u00bb1\/2&#8243;][vc_single_image image=\u00bb5731&#8243; img_size=\u00bbfull\u00bb alignment=\u00bbcenter\u00bb onclick=\u00bbcustom_link\u00bb img_link_target=\u00bb_blank\u00bb link=\u00bbhttps:\/\/nesplora.com\/\u00bb][\/vc_column_inner][\/vc_row_inner][vc_row_inner el_class=\u00bbfila\u00bb css=\u00bb.vc_custom_1768377714125{padding-top: 40px !important;}\u00bb][vc_column_inner el_class=\u00bbcolumna\u00bb width=\u00bb1\/2&#8243;][vc_single_image image=\u00bb4515&#8243; img_size=\u00bbfull\u00bb alignment=\u00bbcenter\u00bb onclick=\u00bbcustom_link\u00bb img_link_target=\u00bb_blank\u00bb link=\u00bbhttps:\/\/neuronup.com\/\u00bb][\/vc_column_inner][vc_column_inner el_class=\u00bbcolumna\u00bb width=\u00bb1\/2&#8243;][vc_single_image image=\u00bb5640&#8243; img_size=\u00bbfull\u00bb alignment=\u00bbcenter\u00bb onclick=\u00bbcustom_link\u00bb img_link_target=\u00bb_blank\u00bb link=\u00bbhttps:\/\/rehametrics.com\/\u00bb][\/vc_column_inner][\/vc_row_inner][vc_row_inner el_class=\u00bbfila\u00bb css=\u00bb.vc_custom_1768377714125{padding-top: 40px !important;}\u00bb][vc_column_inner el_class=\u00bbcolumna\u00bb width=\u00bb1\/2&#8243;][vc_single_image image=\u00bb5777&#8243; img_size=\u00bbfull\u00bb alignment=\u00bbcenter\u00bb onclick=\u00bbcustom_link\u00bb img_link_target=\u00bb_blank\u00bb link=\u00bbhttps:\/\/sincrolab.es\/\u00bb][\/vc_column_inner][vc_column_inner el_class=\u00bbcolumna\u00bb width=\u00bb1\/2&#8243;][vc_single_image image=\u00bb6331&#8243; img_size=\u00bbfull\u00bb alignment=\u00bbcenter\u00bb onclick=\u00bbcustom_link\u00bb img_link_target=\u00bb_blank\u00bb link=\u00bbhttps:\/\/web.teaediciones.com\/Inicio.aspx\u00bb][\/vc_column_inner][\/vc_row_inner][vc_row_inner disable_element=\u00bbyes\u00bb el_class=\u00bbfila\u00bb css=\u00bb.vc_custom_1762240923279{padding-top: 40px !important;}\u00bb][vc_column_inner el_class=\u00bbcolumna\u00bb width=\u00bb1\/2&#8243;][vc_single_image image=\u00bb5302&#8243; img_size=\u00bbfull\u00bb alignment=\u00bbcenter\u00bb onclick=\u00bbcustom_link\u00bb img_link_target=\u00bb_blank\u00bb link=\u00bbhttps:\/\/www.pearsonclinical.es\/\u00bb el_class=\u00bbno-mostrar\u00bb][\/vc_column_inner][vc_column_inner el_class=\u00bbcolumna\u00bb width=\u00bb1\/2&#8243;][vc_single_image image=\u00bb5690&#8243; img_size=\u00bbfull\u00bb alignment=\u00bbcenter\u00bb onclick=\u00bbcustom_link\u00bb img_link_target=\u00bb_blank\u00bb link=\u00bbhttps:\/\/www.stap2go.es\/\u00bb][\/vc_column_inner][\/vc_row_inner][vc_row_inner el_class=\u00bbfila\u00bb css=\u00bb.vc_custom_1764838836245{padding-top: 40px !important;}\u00bb][vc_column_inner el_class=\u00bbcolumna\u00bb width=\u00bb1\/3&#8243;][vc_single_image image=\u00bb6328&#8243; img_size=\u00bbfull\u00bb alignment=\u00bbcenter\u00bb onclick=\u00bbcustom_link\u00bb img_link_target=\u00bb_blank\u00bb css=\u00bb.vc_custom_1768895316874{background-color: #ffffff !important;}\u00bb link=\u00bbhttps:\/\/www.bionic.es\/\u00bb][\/vc_column_inner][vc_column_inner el_class=\u00bbcolumna\u00bb width=\u00bb1\/3&#8243;][vc_single_image image=\u00bb5740&#8243; img_size=\u00bbfull\u00bb alignment=\u00bbcenter\u00bb onclick=\u00bbcustom_link\u00bb img_link_target=\u00bb_blank\u00bb css=\u00bb.vc_custom_1733919789966{background-color: #ffffff !important;}\u00bb link=\u00bbhttps:\/\/re-cognition.web.app\/\u00bb][\/vc_column_inner][vc_column_inner el_class=\u00bbcolumna no-mostrar\u00bb width=\u00bb1\/3&#8243;][vc_single_image image=\u00bb5794&#8243; img_size=\u00bbfull\u00bb alignment=\u00bbcenter\u00bb onclick=\u00bbcustom_link\u00bb img_link_target=\u00bb_blank\u00bb css=\u00bb.vc_custom_1740401710792{background-color: #ffffff !important;}\u00bb link=\u00bbhttps:\/\/www.edicionespiramide.es\/\u00bb][vc_single_image image=\u00bb5830&#8243; img_size=\u00bbfull\u00bb alignment=\u00bbcenter\u00bb onclick=\u00bbcustom_link\u00bb img_link_target=\u00bb_blank\u00bb css=\u00bb.vc_custom_1742807091199{background-color: #ffffff !important;}\u00bb link=\u00bbhttps:\/\/www.copmadrid.org\/web\/\u00bb][\/vc_column_inner][\/vc_row_inner][vc_row_inner disable_element=\u00bbyes\u00bb el_class=\u00bbfila segunda\u00bb css=\u00bb.vc_custom_1770806353292{padding-top: 40px !important;}\u00bb][vc_column_inner el_class=\u00bbcolumna\u00bb width=\u00bb1\/4&#8243;][vc_single_image image=\u00bb5126&#8243; img_size=\u00bbfull\u00bb alignment=\u00bbcenter\u00bb onclick=\u00bbcustom_link\u00bb img_link_target=\u00bb_blank\u00bb link=\u00bbhttps:\/\/excetalent.com\/\u00bb][\/vc_column_inner][vc_column_inner el_class=\u00bbcolumna\u00bb width=\u00bb1\/4&#8243;][vc_single_image image=\u00bb5303&#8243; img_size=\u00bbfull\u00bb alignment=\u00bbcenter\u00bb onclick=\u00bbcustom_link\u00bb img_link_target=\u00bb_blank\u00bb link=\u00bbhttps:\/\/www.novartis.com\/es-es\/\u00bb][\/vc_column_inner][vc_column_inner el_class=\u00bbcolumna\u00bb width=\u00bb1\/4&#8243;][vc_single_image image=\u00bb5687&#8243; img_size=\u00bbfull\u00bb alignment=\u00bbcenter\u00bb onclick=\u00bbcustom_link\u00bb img_link_target=\u00bb_blank\u00bb link=\u00bbhttps:\/\/institutounne.com\/\u00bb][\/vc_column_inner][vc_column_inner width=\u00bb1\/4&#8243; css=\u00bb.vc_custom_1709556216758{background-color: #ffffff !important;}\u00bb][\/vc_column_inner][\/vc_row_inner][vc_row_inner el_class=\u00bbfila segunda\u00bb css=\u00bb.vc_custom_1770806348360{padding-top: 40px !important;}\u00bb][vc_column_inner el_class=\u00bbcolumna\u00bb width=\u00bb1\/5&#8243;][vc_single_image image=\u00bb6346&#8243; img_size=\u00bbfull\u00bb alignment=\u00bbcenter\u00bb onclick=\u00bbcustom_link\u00bb img_link_target=\u00bb_blank\u00bb link=\u00bbhttps:\/\/avannzapsicologos.com\/\u00bb][\/vc_column_inner][vc_column_inner el_class=\u00bbcolumna\u00bb width=\u00bb1\/5&#8243;][vc_single_image image=\u00bb5261&#8243; img_size=\u00bbfull\u00bb alignment=\u00bbcenter\u00bb onclick=\u00bbcustom_link\u00bb img_link_target=\u00bb_blank\u00bb link=\u00bbhttps:\/\/irenea.es\/\u00bb][\/vc_column_inner][vc_column_inner el_class=\u00bbcolumna\u00bb width=\u00bb1\/5&#8243;][vc_single_image image=\u00bb5259&#8243; img_size=\u00bbfull\u00bb alignment=\u00bbcenter\u00bb onclick=\u00bbcustom_link\u00bb img_link_target=\u00bb_blank\u00bb link=\u00bbhttps:\/\/neuroped.es\/\u00bb][\/vc_column_inner][vc_column_inner el_class=\u00bbcolumna no-mostrar\u00bb width=\u00bb1\/5&#8243; css=\u00bb.vc_custom_1770806393718{background-color: #ffffff !important;}\u00bb][vc_single_image image=\u00bb5873&#8243; img_size=\u00bbfull\u00bb alignment=\u00bbcenter\u00bb onclick=\u00bbcustom_link\u00bb img_link_target=\u00bb_blank\u00bb link=\u00bbhttps:\/\/institutoraimongaja.com\/\u00bb][\/vc_column_inner][vc_column_inner el_class=\u00bbcolumna no-mostrar\u00bb width=\u00bb1\/5&#8243;][vc_single_image image=\u00bb5767&#8243; img_size=\u00bbfull\u00bb alignment=\u00bbcenter\u00bb onclick=\u00bbcustom_link\u00bb img_link_target=\u00bb_blank\u00bb link=\u00bbhttps:\/\/librospremisa.com\/\u00bb][\/vc_column_inner][\/vc_row_inner][vc_row_inner disable_element=\u00bbyes\u00bb el_class=\u00bbfila no-mostrar\u00bb css=\u00bb.vc_custom_1762240992470{padding-top: 40px !important;}\u00bb][vc_column_inner el_class=\u00bbcolumna\u00bb width=\u00bb1\/3&#8243;][vc_single_image image=\u00bb4515&#8243; img_size=\u00bbfull\u00bb alignment=\u00bbcenter\u00bb onclick=\u00bbcustom_link\u00bb img_link_target=\u00bb_blank\u00bb link=\u00bbhttps:\/\/www.neuronup.com\/\u00bb][\/vc_column_inner][vc_column_inner el_class=\u00bbcolumna\u00bb width=\u00bb1\/3&#8243;][vc_single_image image=\u00bb5214&#8243; img_size=\u00bbfull\u00bb alignment=\u00bbcenter\u00bb onclick=\u00bbcustom_link\u00bb img_link_target=\u00bb_blank\u00bb css=\u00bb.vc_custom_1704381209534{background-color: #ffffff !important;}\u00bb link=\u00bbhttps:\/\/masneuros.com\/\u00bb][\/vc_column_inner][vc_column_inner el_class=\u00bbcolumna\u00bb width=\u00bb1\/3&#8243;][vc_single_image image=\u00bb5260&#8243; img_size=\u00bbfull\u00bb alignment=\u00bbcenter\u00bb onclick=\u00bbcustom_link\u00bb img_link_target=\u00bb_blank\u00bb css=\u00bb.vc_custom_1706524626828{background-color: #ffffff !important;}\u00bb link=\u00bbhttps:\/\/www.nebrija.com\/\u00bb][\/vc_column_inner][\/vc_row_inner][vc_row_inner disable_element=\u00bbyes\u00bb el_class=\u00bbfila segunda no-mostrar\u00bb css=\u00bb.vc_custom_1762240999989{padding-top: 40px !important;}\u00bb][vc_column_inner el_class=\u00bbcolumna\u00bb width=\u00bb1\/3&#8243;][vc_single_image image=\u00bb5308&#8243; img_size=\u00bbfull\u00bb alignment=\u00bbcenter\u00bb onclick=\u00bbcustom_link\u00bb img_link_target=\u00bb_blank\u00bb css=\u00bb.vc_custom_1709191485959{background-color: #ffffff !important;}\u00bb link=\u00bbhttps:\/\/netcomunity.com\/\u00bb][\/vc_column_inner][vc_column_inner width=\u00bb1\/3&#8243;][\/vc_column_inner][vc_column_inner width=\u00bb1\/3&#8243;][\/vc_column_inner][\/vc_row_inner][vc_row_inner disable_element=\u00bbyes\u00bb el_class=\u00bbfila segunda no-mostrar\u00bb css=\u00bb.vc_custom_1762241004771{padding-top: 40px !important;}\u00bb][vc_column_inner el_class=\u00bbcolumna\u00bb width=\u00bb1\/4&#8243;][vc_single_image image=\u00bb5258&#8243; img_size=\u00bbfull\u00bb alignment=\u00bbcenter\u00bb onclick=\u00bbcustom_link\u00bb img_link_target=\u00bb_blank\u00bb css=\u00bb.vc_custom_1706524596683{background-color: #ffffff !important;}\u00bb link=\u00bbhttps:\/\/www.ucjc.edu\/\u00bb][\/vc_column_inner][vc_column_inner el_class=\u00bbcolumna\u00bb width=\u00bb1\/4&#8243;][\/vc_column_inner][vc_column_inner width=\u00bb1\/4&#8243;][\/vc_column_inner][vc_column_inner width=\u00bb1\/4&#8243; css=\u00bb.vc_custom_1709556216758{background-color: #ffffff !important;}\u00bb][\/vc_column_inner][\/vc_row_inner][vc_row_inner disable_element=\u00bbyes\u00bb el_class=\u00bbfila segunda no-mostrar\u00bb css=\u00bb.vc_custom_1762241010886{padding-top: 40px !important;}\u00bb][vc_column_inner el_class=\u00bbcolumna\u00bb width=\u00bb1\/4&#8243;][vc_single_image image=\u00bb4616&#8243; img_size=\u00bbfull\u00bb alignment=\u00bbcenter\u00bb onclick=\u00bbcustom_link\u00bb img_link_target=\u00bb_blank\u00bb link=\u00bbhttps:\/\/www.neuroaprendizajeinfantil.es\/\u00bb el_class=\u00bbno-mostrar\u00bb][\/vc_column_inner][vc_column_inner el_class=\u00bbcolumna\u00bb width=\u00bb1\/4&#8243;][vc_single_image image=\u00bb5225&#8243; img_size=\u00bbfull\u00bb alignment=\u00bbcenter\u00bb onclick=\u00bbcustom_link\u00bb img_link_target=\u00bb_blank\u00bb link=\u00bbhttps:\/\/amirhighereducation.com\/psicologia\/\u00bb][\/vc_column_inner][vc_column_inner width=\u00bb1\/4&#8243;][\/vc_column_inner][vc_column_inner width=\u00bb1\/4&#8243; css=\u00bb.vc_custom_1707477706367{background-color: #ffffff !important;}\u00bb][\/vc_column_inner][\/vc_row_inner][vc_row_inner disable_element=\u00bbyes\u00bb el_class=\u00bbfila segunda no-mostrar\u00bb css=\u00bb.vc_custom_1762241015310{padding-top: 40px !important;}\u00bb][vc_column_inner el_class=\u00bbcolumna\u00bb width=\u00bb1\/4&#8243;][vc_single_image image=\u00bb5244&#8243; img_size=\u00bbfull\u00bb alignment=\u00bbcenter\u00bb onclick=\u00bbcustom_link\u00bb img_link_target=\u00bb_blank\u00bb link=\u00bbhttps:\/\/www.kronohealth.com\/\u00bb][\/vc_column_inner][vc_column_inner el_class=\u00bbcolumna\u00bb width=\u00bb1\/4&#8243;][vc_single_image image=\u00bb5232&#8243; img_size=\u00bbfull\u00bb alignment=\u00bbcenter\u00bb onclick=\u00bbcustom_link\u00bb img_link_target=\u00bb_blank\u00bb link=\u00bbhttps:\/\/agredace.es\/\u00bb][\/vc_column_inner][vc_column_inner el_class=\u00bbcolumna\u00bb width=\u00bb1\/4&#8243;][\/vc_column_inner][vc_column_inner el_class=\u00bbcolumna\u00bb width=\u00bb1\/4&#8243; css=\u00bb.vc_custom_1709556248796{background-color: #ffffff !important;}\u00bb][\/vc_column_inner][\/vc_row_inner][\/vc_column][\/vc_row][vc_row disable_element=\u00bbyes\u00bb el_class=\u00bbintro-sede logos-colabora banner\u00bb css=\u00bb.vc_custom_1752753844682{padding-top: 20px !important;}\u00bb][vc_column][vc_column_text]<\/p>\n<h2 style=\"color: #1e5795;\"><b><span data-contrast=\"auto\">INFORMACI\u00d3N DEL CONGRESO 2025 DE LA FESN<\/span><\/b><\/h2>\n<p>[\/vc_column_text][vc_row_inner el_class=\u00bbfila\u00bb][vc_column_inner el_class=\u00bbcolumna\u00bb][vc_single_image image=\u00bb5783&#8243; img_size=\u00bbfull\u00bb onclick=\u00bbcustom_link\u00bb img_link_target=\u00bb_blank\u00bb link=\u00bbhttps:\/\/fesn-gnp2025.de\/\u00bb][\/vc_column_inner][\/vc_row_inner][\/vc_column][\/vc_row][vc_row css=\u00bb.vc_custom_1701784486109{padding-top: 20px !important;}\u00bb][vc_column][vc_column_text]<\/p>\n<p style=\"text-align: center; font-size: 18px;\">Si desea colaborar con el congreso, puede solicitar informaci\u00f3n poni\u00e9ndose en contacto con la secretar\u00eda t\u00e9cnica en:\u00a0<a href=\"mailto:congreso.fanpse@cevents.es\">congreso.fanpse@cevents.es<\/a>.<\/p>\n<p>[\/vc_column_text][\/vc_column][\/vc_row][vc_row disable_element=\u00bbyes\u00bb el_class=\u00bbintro-sede logos-colabora\u00bb css=\u00bb.vc_custom_1689842058486{padding-top: 20px !important;}\u00bb][vc_column][vc_column_text]<\/p>\n<h2 style=\"color: #1e5795;\"><b><span data-contrast=\"auto\">PATROCINADORES<\/span><\/b><\/h2>\n<p>[\/vc_column_text][vc_row_inner el_class=\u00bbfila\u00bb][vc_column_inner el_class=\u00bbcolumna\u00bb width=\u00bb1\/2&#8243;][vc_single_image image=\u00bb4515&#8243; img_size=\u00bbfull\u00bb alignment=\u00bbcenter\u00bb onclick=\u00bbcustom_link\u00bb img_link_target=\u00bb_blank\u00bb link=\u00bbhttps:\/\/www.neuronup.com\/\u00bb][\/vc_column_inner][vc_column_inner width=\u00bb1\/2&#8243;][\/vc_column_inner][\/vc_row_inner][vc_row_inner el_class=\u00bbfila\u00bb css=\u00bb.vc_custom_1684500109696{padding-top: 40px !important;}\u00bb][vc_column_inner el_class=\u00bbcolumna\u00bb width=\u00bb1\/3&#8243;][vc_single_image image=\u00bb4451&#8243; img_size=\u00bbfull\u00bb alignment=\u00bbcenter\u00bb onclick=\u00bbcustom_link\u00bb img_link_target=\u00bb_blank\u00bb link=\u00bbhttps:\/\/www.isep.es\/\u00bb][\/vc_column_inner][vc_column_inner el_class=\u00bbcolumna\u00bb width=\u00bb1\/3&#8243;][vc_single_image image=\u00bb4535&#8243; img_size=\u00bbfull\u00bb alignment=\u00bbcenter\u00bb onclick=\u00bbcustom_link\u00bb img_link_target=\u00bb_blank\u00bb link=\u00bbhttps:\/\/nesplora.com\/\u00bb][\/vc_column_inner][vc_column_inner el_class=\u00bbcolumna\u00bb width=\u00bb1\/3&#8243;][vc_single_image image=\u00bb4573&#8243; img_size=\u00bbfull\u00bb alignment=\u00bbcenter\u00bb onclick=\u00bbcustom_link\u00bb img_link_target=\u00bb_blank\u00bb link=\u00bbhttps:\/\/www.pearsonclinical.es\/contenido\/neuropsicologia?utm_source=online&amp;utm_medium=social_organic&amp;utm_campaign=digital_adoption_eu&amp;utm_term=fanpse\u00bb][\/vc_column_inner][\/vc_row_inner][vc_row_inner disable_element=\u00bbyes\u00bb el_class=\u00bbfila segunda\u00bb css=\u00bb.vc_custom_1684506926475{padding-top: 40px !important;}\u00bb][vc_column_inner el_class=\u00bbcolumna\u00bb width=\u00bb1\/5&#8243;][vc_single_image image=\u00bb4453&#8243; img_size=\u00bbfull\u00bb alignment=\u00bbcenter\u00bb onclick=\u00bbcustom_link\u00bb img_link_target=\u00bb_blank\u00bb link=\u00bbhttps:\/\/www.novartis.com\/es-es\/\u00bb][\/vc_column_inner][vc_column_inner el_class=\u00bbcolumna\u00bb width=\u00bb1\/5&#8243;][vc_single_image image=\u00bb4454&#8243; img_size=\u00bbfull\u00bb alignment=\u00bbcenter\u00bb onclick=\u00bbcustom_link\u00bb img_link_target=\u00bb_blank\u00bb link=\u00bbhttps:\/\/web.teaediciones.com\/Inicio.aspx\u00bb][\/vc_column_inner][vc_column_inner el_class=\u00bbcolumna\u00bb width=\u00bb1\/5&#8243;][vc_single_image image=\u00bb4457&#8243; img_size=\u00bbfull\u00bb alignment=\u00bbcenter\u00bb onclick=\u00bbcustom_link\u00bb img_link_target=\u00bb_blank\u00bb link=\u00bbhttps:\/\/www.fundela.es\/\u00bb][\/vc_column_inner][vc_column_inner el_class=\u00bbcolumna\u00bb width=\u00bb1\/5&#8243;][vc_single_image image=\u00bb4536&#8243; img_size=\u00bbfull\u00bb alignment=\u00bbcenter\u00bb onclick=\u00bbcustom_link\u00bb img_link_target=\u00bb_blank\u00bb link=\u00bbhttps:\/\/sincrolab.es\/\u00bb][\/vc_column_inner][vc_column_inner el_class=\u00bbcolumna\u00bb width=\u00bb1\/5&#8243;][vc_single_image image=\u00bb4443&#8243; img_size=\u00bbfull\u00bb alignment=\u00bbcenter\u00bb onclick=\u00bbcustom_link\u00bb img_link_target=\u00bb_blank\u00bb link=\u00bbhttps:\/\/www.ucjc.edu\/\u00bb][\/vc_column_inner][\/vc_row_inner][vc_row_inner el_class=\u00bbfila segunda\u00bb css=\u00bb.vc_custom_1684488488331{padding-top: 40px !important;}\u00bb][vc_column_inner el_class=\u00bbcolumna\u00bb width=\u00bb1\/4&#8243;][vc_single_image image=\u00bb4453&#8243; img_size=\u00bbfull\u00bb alignment=\u00bbcenter\u00bb onclick=\u00bbcustom_link\u00bb img_link_target=\u00bb_blank\u00bb link=\u00bbhttps:\/\/www.novartis.com\/es-es\/\u00bb][\/vc_column_inner][vc_column_inner el_class=\u00bbcolumna\u00bb width=\u00bb1\/4&#8243;][vc_single_image image=\u00bb4454&#8243; img_size=\u00bbfull\u00bb alignment=\u00bbcenter\u00bb onclick=\u00bbcustom_link\u00bb img_link_target=\u00bb_blank\u00bb link=\u00bbhttps:\/\/web.teaediciones.com\/Inicio.aspx\u00bb][\/vc_column_inner][vc_column_inner el_class=\u00bbcolumna\u00bb width=\u00bb1\/4&#8243;][vc_single_image image=\u00bb4457&#8243; img_size=\u00bbfull\u00bb alignment=\u00bbcenter\u00bb onclick=\u00bbcustom_link\u00bb img_link_target=\u00bb_blank\u00bb link=\u00bbhttps:\/\/www.fundela.es\/\u00bb][\/vc_column_inner][vc_column_inner el_class=\u00bbcolumna\u00bb width=\u00bb1\/4&#8243;][vc_single_image image=\u00bb4603&#8243; img_size=\u00bbfull\u00bb alignment=\u00bbcenter\u00bb onclick=\u00bbcustom_link\u00bb img_link_target=\u00bb_blank\u00bb link=\u00bbhttps:\/\/luzsolidaria.es\/\u00bb][\/vc_column_inner][\/vc_row_inner][\/vc_column][\/vc_row][vc_row disable_element=\u00bbyes\u00bb el_class=\u00bbintro-sede logos-colabora\u00bb css=\u00bb.vc_custom_1689842063334{padding-top: 20px !important;}\u00bb][vc_column][vc_column_text]<\/p>\n<h2 style=\"color: #1e5795;\"><b><span data-contrast=\"auto\">COLABORADORES<\/span><\/b><\/h2>\n<p>[\/vc_column_text][vc_row_inner el_class=\u00bbfila\u00bb][vc_column_inner el_class=\u00bbcolumna\u00bb width=\u00bb1\/5&#8243;][vc_single_image image=\u00bb4456&#8243; img_size=\u00bbfull\u00bb alignment=\u00bbcenter\u00bb onclick=\u00bbcustom_link\u00bb img_link_target=\u00bb_blank\u00bb link=\u00bbhttps:\/\/neuroped.es\/\u00bb][\/vc_column_inner][vc_column_inner el_class=\u00bbcolumna\u00bb width=\u00bb1\/5&#8243;][vc_single_image image=\u00bb4547&#8243; img_size=\u00bbfull\u00bb alignment=\u00bbcenter\u00bb onclick=\u00bbcustom_link\u00bb img_link_target=\u00bb_blank\u00bb link=\u00bbhttps:\/\/psaraediciones.es\/\u00bb][\/vc_column_inner][vc_column_inner el_class=\u00bbcolumna\u00bb width=\u00bb1\/5&#8243;][vc_single_image image=\u00bb4537&#8243; img_size=\u00bbfull\u00bb alignment=\u00bbcenter\u00bb onclick=\u00bbcustom_link\u00bb img_link_target=\u00bb_blank\u00bb link=\u00bbhttps:\/\/www.uam.es\/uam\/inicio\u00bb][\/vc_column_inner][vc_column_inner el_class=\u00bbcolumna\u00bb width=\u00bb1\/5&#8243;][vc_single_image image=\u00bb4581&#8243; img_size=\u00bbfull\u00bb alignment=\u00bbcenter\u00bb onclick=\u00bbcustom_link\u00bb img_link_target=\u00bb_blank\u00bb link=\u00bbhttps:\/\/www.unir.net\/\u00bb][\/vc_column_inner][vc_column_inner el_class=\u00bbcolumna\u00bb width=\u00bb1\/5&#8243;][vc_single_image image=\u00bb4574&#8243; img_size=\u00bbfull\u00bb alignment=\u00bbcenter\u00bb onclick=\u00bbcustom_link\u00bb img_link_target=\u00bb_blank\u00bb link=\u00bbhttps:\/\/irenea.es\/\u00bb][\/vc_column_inner][\/vc_row_inner][vc_row_inner el_class=\u00bbfila segunda\u00bb css=\u00bb.vc_custom_1684840321059{padding-top: 40px !important;}\u00bb][vc_column_inner el_class=\u00bbcolumna\u00bb width=\u00bb1\/5&#8243;][vc_single_image image=\u00bb4583&#8243; img_size=\u00bbfull\u00bb alignment=\u00bbcenter\u00bb onclick=\u00bbcustom_link\u00bb img_link_target=\u00bb_blank\u00bb link=\u00bbhttps:\/\/centroreintegra.es\/\u00bb][\/vc_column_inner][vc_column_inner el_class=\u00bbcolumna\u00bb width=\u00bb1\/5&#8243;][vc_single_image image=\u00bb4601&#8243; img_size=\u00bbfull\u00bb alignment=\u00bbcenter\u00bb onclick=\u00bbcustom_link\u00bb img_link_target=\u00bb_blank\u00bb link=\u00bbhttps:\/\/polibea.com\/\u00bb][\/vc_column_inner][vc_column_inner el_class=\u00bbcolumna\u00bb width=\u00bb1\/5&#8243;][vc_single_image image=\u00bb4612&#8243; img_size=\u00bbfull\u00bb alignment=\u00bbcenter\u00bb onclick=\u00bbcustom_link\u00bb img_link_target=\u00bb_blank\u00bb link=\u00bbhttps:\/\/www.ufpcanarias.es\/\u00bb][\/vc_column_inner][vc_column_inner width=\u00bb1\/5&#8243;][\/vc_column_inner][vc_column_inner width=\u00bb1\/5&#8243;][\/vc_column_inner][\/vc_row_inner][\/vc_column][\/vc_row]<\/p>\n","protected":false},"excerpt":{"rendered":"<p>[vc_row el_class=\u00bbintro-sede logos-colabora\u00bb][vc_column][vc_column_text] ORGANIZA [\/vc_column_text][vc_row_inner el_class=\u00bbfila\u00bb][vc_column_inner el_class=\u00bbcolumna\u00bb width=\u00bb1\/2&#8243;][vc_single_image image=\u00bb6302&#8243; img_size=\u00bbfull\u00bb alignment=\u00bbcenter\u00bb onclick=\u00bbcustom_link\u00bb img_link_target=\u00bb_blank\u00bb link=\u00bbhttps:\/\/fanpse.org\/\u00bb][\/vc_column_inner][vc_column_inner el_class=\u00bbcolumna\u00bb width=\u00bb1\/2&#8243;][vc_single_image image=\u00bb6298&#8243; img_size=\u00bbfull\u00bb alignment=\u00bbcenter\u00bb onclick=\u00bbcustom_link\u00bb img_link_target=\u00bb_blank\u00bb link=\u00bbhttps:\/\/www.svneuropsicologia.com\/\u00bb][\/vc_column_inner][\/vc_row_inner][\/vc_column][\/vc_row][vc_row el_class=\u00bbintro-sede logos-colabora\u00bb css=\u00bb.vc_custom_1770707977150{padding-top: 20px !important;}\u00bb][vc_column][vc_column_text] AVALADO POR [\/vc_column_text][vc_row_inner el_class=\u00bbfila\u00bb][vc_column_inner el_class=\u00bbtexto-logo\u00bb width=\u00bb1\/2&#8243;][vc_column_text]Federaci\u00f3n Europea de Sociedades de Neuropsicolog\u00eda[\/vc_column_text][\/vc_column_inner][vc_column_inner el_class=\u00bbtexto-logo\u00bb width=\u00bb1\/2&#8243;][vc_column_text]Sociedad Espa\u00f1ola de Neurorrehabilitaci\u00f3n[\/vc_column_text][\/vc_column_inner][\/vc_row_inner][vc_row_inner el_class=\u00bbfila\u00bb][vc_column_inner el_class=\u00bbcolumna margen-logo\u00bb width=\u00bb1\/2&#8243;][vc_single_image image=\u00bb6335&#8243; img_size=\u00bbfull\u00bb alignment=\u00bbcenter\u00bb onclick=\u00bbcustom_link\u00bb img_link_target=\u00bb_blank\u00bb link=\u00bbhttps:\/\/www.fesn.eu\/\u00bb][\/vc_column_inner][vc_column_inner el_class=\u00bbcolumna margen-logo\u00bb&#8230;<\/p>\n","protected":false},"author":3,"featured_media":0,"parent":0,"menu_order":0,"comment_status":"closed","ping_status":"closed","template":"","meta":{"_monsterinsights_skip_tracking":false,"_monsterinsights_sitenote_active":false,"_monsterinsights_sitenote_note":"","_monsterinsights_sitenote_category":0,"footnotes":""},"aioseo_notices":[],"_links":{"self":[{"href":"https:\/\/congresofanpse.org\/2026\/wp-json\/wp\/v2\/pages\/4414"}],"collection":[{"href":"https:\/\/congresofanpse.org\/2026\/wp-json\/wp\/v2\/pages"}],"about":[{"href":"https:\/\/congresofanpse.org\/2026\/wp-json\/wp\/v2\/types\/page"}],"author":[{"embeddable":true,"href":"https:\/\/congresofanpse.org\/2026\/wp-json\/wp\/v2\/users\/3"}],"replies":[{"embeddable":true,"href":"https:\/\/congresofanpse.org\/2026\/wp-json\/wp\/v2\/comments?post=4414"}],"version-history":[{"count":169,"href":"https:\/\/congresofanpse.org\/2026\/wp-json\/wp\/v2\/pages\/4414\/revisions"}],"predecessor-version":[{"id":6349,"href":"https:\/\/congresofanpse.org\/2026\/wp-json\/wp\/v2\/pages\/4414\/revisions\/6349"}],"wp:attachment":[{"href":"https:\/\/congresofanpse.org\/2026\/wp-json\/wp\/v2\/media?parent=4414"}],"curies":[{"name":"wp","href":"https:\/\/api.w.org\/{rel}","templated":true}]}}