{"id":4132,"date":"2023-04-13T14:25:47","date_gmt":"2023-04-13T12:25:47","guid":{"rendered":"https:\/\/congresofanpse.org\/?page_id=4132"},"modified":"2025-09-22T08:22:31","modified_gmt":"2025-09-22T06:22:31","slug":"aviso-legal","status":"publish","type":"page","link":"https:\/\/congresofanpse.org\/2026\/aviso-legal\/","title":{"rendered":"Aviso legal"},"content":{"rendered":"<p>[vc_row el_class=\u00bbpoliticas-web\u00bb][vc_column]<div class=\"content-title-element dark size1 center\"><div class=\"title\">Aviso legal <span>FANPSE<\/span><\/div><div class=\"separate\"><i class=\"cubes\" aria-hidden=\"true\"><\/i><\/div><\/div>[vc_empty_space height=\u00bb30px\u00bb][vc_column_text]<\/p>\n<ol>\n<li><strong> Informaci\u00f3n legal<\/strong><\/li>\n<\/ol>\n<p>En cumplimiento del deber de informaci\u00f3n establecido en el art\u00edculo 10 de la Ley 34\/2002, de Servicios de la Sociedad de la Informaci\u00f3n y de Comercio Electr\u00f3nico, le comunicamos que el titular del dominio web <a href=\"https:\/\/congresofanpse.org\/2026\/\">https:\/\/congresofanpse.org\/2026\/<\/a> es FANPSE cuyos datos identificativos y de contacto son los siguientes:<\/p>\n<ul>\n<li><strong>Titular FEDERACI\u00d3N DE ASOCIACIONES DE NEUROPSICOLG\u00cdA ESPA\u00d1OLAS <\/strong><strong>(FANPSE)<\/strong><\/li>\n<li><strong>CIF <\/strong>G\u201064854938<\/li>\n<li>Inscrita en el Registro Nacional de Asociaciones.<\/li>\n<li><strong>Direcci\u00f3n:<\/strong> Conde de Pe\u00f1alver 45, 5\u00ba izquierda, Madrid, CP. 28006.<\/li>\n<li><strong>Correo electr\u00f3nico de contacto:<\/strong> <a href=\"mailto:congreso.fanpse@cevents.es\">congreso.fanpse@cevents.es<\/a>.<\/li>\n<\/ul>\n<ol start=\"2\">\n<li><strong> Objeto y \u00e1mbito de aplicaci\u00f3n<\/strong><\/li>\n<\/ol>\n<p>2.1.- Mediante este Aviso Legal se establecen las condiciones generales de uso que regulan el acceso, navegaci\u00f3n y uso de la p\u00e1gina web <a href=\"https:\/\/fanpse.org\/\" target=\"_blank\" rel=\"noopener\">https:\/\/fanpse.org\/<\/a>\u00a0(en adelante, SITIO WEB), as\u00ed como las responsabilidades derivadas de la utilizaci\u00f3n de sus contenidos. Adicionalmente, la prestaci\u00f3n de determinados servicios o actividades en el marco del SITIO WEB podr\u00e1n quedar asimismo sometidas a otras condiciones particulares que pudieran establecerse y que, en su caso, sustituyan, complementen y\/o modifiquen las condiciones generales de uso de este Aviso Legal.<\/p>\n<p>2.2.- El sitio Web es ofrecido con fines informativos sobre el 17 \u00ba congreso nacional Neuropsicolog\u00eda realizad por FANPSE. A trav\u00e9s de nuestra Web, podr\u00e1 adquirir desde su ordenador\/ dispositivo los servicios\/ productos ofrecidos en nuestra Web ( inscripciones al congreso) . Puede acceder a la informaci\u00f3n sobre la compra\/ adquisici\u00f3n de nuestros productos\/ servicios a trav\u00e9s de esta Web en el \u201c<a href=\"https:\/\/congresofanpse.org\/2026\/terminos-condiciones\/\">T\u00e9rminos y condiciones de contrataci\u00f3n<\/a>\u201d<\/p>\n<p>.2.3.- El acceso y uso de este SITIO WEB atribuye al visitante la condici\u00f3n de USUARIO e implica su aceptaci\u00f3n de forma plena y sin reservas, desde dicho acceso y\/o uso, de todas las condiciones de uso que FANPSE incluya en este Aviso Legal, en la versi\u00f3n publicada en el momento en que acceda al mismo. En este sentido, se entender\u00e1 por USUARIO a la persona que acceda, navegue, utilice o participe en los servicios y actividades desarrolladas en el SITIO WEB.<\/p>\n<p>2.4.- El USUARIO se obliga a hacer un uso correcto del SITIO WEB, de conformidad con las leyes aplicables, la buena fe, el orden p\u00fablico, los usos del tr\u00e1fico y el presente Aviso Legal, respondiendo frente a FANPSE y frente a terceros de cualesquiera da\u00f1os y perjuicios que pudieran causarse como consecuencia del incumplimiento de dicha obligaci\u00f3n.<\/p>\n<ol start=\"3\">\n<li><strong> Acceso y utilizaci\u00f3n del Sitio Web<\/strong><\/li>\n<\/ol>\n<p>3.1.- El acceso a este Sitio Web es libre y gratuito, salvo en lo relativo al coste de conexi\u00f3n de la red de telecomunicaciones suministrada por el operador contratado por cada USUARIO.<\/p>\n<p>3.2.- El sitio Web es ofrecido con fines informativos sobre los servicios y actividad federativa\/asociativa de FANPSE, as\u00ed como sobre su congreso anual.<\/p>\n<p>A trav\u00e9s del apartado de inscripciones, podr\u00e1 adquirir\/contratar desde su ordenador\/ dispositivo los servicios (inscripci\u00f3n al congreso) \u00a0ofrecidos en nuestra Web. Las compras\/ contrataciones realizadas a trav\u00e9s de la nuestra tienda on line est\u00e1n sometidas a lo establecido en los t\u00e9rminos y condiciones de contrataci\u00f3n publicados<\/p>\n<p>El USUARIO asume la responsabilidad del uso del Sitio Web. Por tanto, el USUARIO se obliga a utilizar los contenidos de forma diligente, responsable y l\u00edcita y, en particular, se compromete a no emplearlos para, entre otros usos:<\/p>\n<ol>\n<li>Utilizar identidades falsas, o suplantar la identidad de otros usuarios en la utilizaci\u00f3n del SITIO WEB o de sus servicios.<\/li>\n<li>Difundir contenidos o propaganda de car\u00e1cter racista, xen\u00f3fobo, pornogr\u00e1fico, de apolog\u00eda del terrorismo o atentatorio contra los derechos humanos.<\/li>\n<li>Provocar da\u00f1os en los sistemas f\u00edsicos y l\u00f3gicos de FANPSE., de sus proveedores o de terceras personas, introducir en la red virus inform\u00e1ticos o cualesquiera otros sistemas f\u00edsicos y l\u00f3gicos que sean susceptibles de provocar los citados da\u00f1os.<\/li>\n<li>Intentar acceder y, en su caso, utilizar las cuentas de correo electr\u00f3nico de otros usuarios y modificar o manipular sus mensajes.<\/li>\n<li>Reproducir, copiar, distribuir, poner a disposici\u00f3n o de cualquier otra forma comunicar p\u00fablicamente, transformar o modificar los contenidos del SITIO WEB, con fines comerciales, en cualquier soporte y por cualquier medio t\u00e9cnico, sin la autorizaci\u00f3n previa y expresa del titular de los correspondientes derechos.<\/li>\n<li>Introducir o incorporar como una actividad empresarial o profesional propia los contenidos y\/o servicios presentados en este SITIO WEB.<\/li>\n<li>Vulnerar cualesquiera derechos de propiedad intelectual o industrial derivados de los contenidos del Sitio Web.<\/li>\n<li>Utilizar este SITIO WEB, o los contenidos y\/o servicios en el obtenidos, para incurrir en actividades contrarias a la ley, a la buena fe o al orden p\u00fablico.<\/li>\n<\/ol>\n<p>3.3.- FANPSE se reserva el derecho a interrumpir en cualquier momento y sin previo aviso el acceso al SITIO WEB, as\u00ed como a interrumpir la prestaci\u00f3n de cualquiera o de todos los servicios que se prestan a trav\u00e9s de este, ya sea por motivos t\u00e9cnicos, de seguridad, o por cualquier otra causa.<\/p>\n<ol start=\"4\">\n<li><strong> Protecci\u00f3n de datos personales<\/strong><\/li>\n<\/ol>\n<p>4.1.- FANPSE se compromete al tratamiento de los datos personales de conformidad a la normativa de protecci\u00f3n de datos que se encuentre en vigor en cada momento.<\/p>\n<p>4.2.- La informaci\u00f3n que los usuarios proporcionen FANPSE a trav\u00e9s de las direcciones de correo electr\u00f3nico y de los formularios que se incluyan en este sitio Web, se utiliza para contestar a sus consultas, y para el env\u00edo de informaci\u00f3n por cualquier medio, incluidos medios electr\u00f3nicos. Para m\u00e1s informaci\u00f3n acerca del tratamiento de datos en esta Web, consulte nuestra <a href=\"https:\/\/congresofanpse.org\/2026\/politica-de-privacidad\/\"><u>Pol\u00edtica de Privacidad<\/u><\/a>. El contenido de dicha pol\u00edtica de privacidad podr\u00e1 ser objeto de modificaci\u00f3n para adaptarlo a cambios legislativos que puedan producirse, as\u00ed como a criterios y posiciones emitidas por las autoridades de control.<\/p>\n<p>4.3.- En el caso de que el USUARIO cumplimente voluntariamente cualquiera de los formularios online de recogida de datos disponibles en el SITIO WEB, se compromete a proporcionar datos exactos y veraces, as\u00ed como a comunicar a FANPSE cualquier modificaci\u00f3n de estos. Salvo en caso de indicarse expresamente lo contrario, los datos solicitados en nuestros formularios son necesarios para poder dar curso a su solicitud.<\/p>\n<p>4.4.- Si un USUARIO facilitara datos personales de terceros, se obliga a cumplir, en relaci\u00f3n con dicha comunicaci\u00f3n, cuantas obligaciones deriven de la normativa de protecci\u00f3n de datos en vigor, y en particular los deberes de licitud del tratamiento y el deber de transparencia respecto del titular de los datos personales en relaci\u00f3n con la comunicaci\u00f3n de estos a FANPSE, exonerando y manteniendo indemne a \u00e9sta de cualquier responsabilidad.<\/p>\n<p>4.5.- No se permite que los menores de 14 a\u00f1os faciliten sus datos personales a trav\u00e9s del SITIO WEB, siendo necesaria la previa autorizaci\u00f3n expresa de sus padres o tutores. En todo caso, este SITIO WEB no se dirige a menores de edad.<\/p>\n<ol start=\"5\">\n<li><strong> Propiedad intelectual e industrial<\/strong><\/li>\n<\/ol>\n<p>5.1.- FANPSE, por s\u00ed o como cesionaria, es titular de todos los derechos de propiedad intelectual e industrial de este SITIO WEB, as\u00ed como de los elementos contenidos en el mismo (a t\u00edtulo enunciativo, im\u00e1genes, sonido, audio, video, software o textos; marcas o logotipos, combinaciones de colores, estructura y dise\u00f1o, selecci\u00f3n de materiales usados, programas de ordenador necesarios para su funcionamiento, acceso y uso, etc.), titularidad de FANPSE o de sus licenciantes. Todos los derechos reservados.<\/p>\n<p>5.2.- Quedan expresamente prohibidas la reproducci\u00f3n, la distribuci\u00f3n, la transformaci\u00f3n y la comunicaci\u00f3n p\u00fablica, incluida su modalidad de puesta a disposici\u00f3n, de la totalidad o parte de los contenidos del SITIO WEB con fines comerciales, en cualquier soporte y por cualquier medio t\u00e9cnico, sin la autorizaci\u00f3n previa y expresa de FANPSE<\/p>\n<p>5.3.- El USUARIO se compromete a respetar los derechos de propiedad intelectual e industrial titularidad de FANPSE Podr\u00e1 visualizar los elementos del SITIO WEB e incluso imprimirlos, copiarlos y almacenarlos en el disco duro de su ordenador o en cualquier otro soporte f\u00edsico siempre y cuando sea, \u00fanica y exclusivamente, para su uso personal y privado. El USUARIO deber\u00e1 abstenerse de suprimir, alterar, eludir o manipular cualquier dispositivo de protecci\u00f3n o sistema de seguridad que estuviera instalado en el SITIO WEB.<\/p>\n<ol start=\"6\">\n<li><strong> Exclusi\u00f3n de garant\u00edas y responsabilidad<\/strong><\/li>\n<\/ol>\n<p>6.1.- El contenido de este SITIO WEB tiene finalidad informativa y de creaci\u00f3n de un canal de comunicaci\u00f3n con los USUARIOS, sin que sus contenidos puedan considerarse como asesoramiento exhaustivo sobre cualesquiera materias. \u00a0FANS no garantiza plenamente el acceso a todos los contenidos, ni su exhaustividad, correcci\u00f3n, vigencia o actualidad, ni su idoneidad o utilidad para un objetivo espec\u00edfico. \u00a0FANPSE excluye, hasta donde permita la ley, cualquier responsabilidad por los da\u00f1os y perjuicios de toda naturaleza derivados de, a t\u00edtulo enunciativo y no limitativo: errores u omisiones en los contenidos, falta de disponibilidad del SITIO WEB, o la transmisi\u00f3n de virus o programas maliciosos o lesivos en los contenidos. No obstante, FANPSE declara que ha adoptado medidas t\u00e9cnicas, dentro de sus posibilidades y del estado de la tecnolog\u00eda, para garantizar el funcionamiento del SITIO WEB y evitar la existencia y transmisi\u00f3n de virus y dem\u00e1s componentes da\u00f1inos a los USUARIOS.<\/p>\n<p>6.2.- FANPSE no se hace responsable por la utilizaci\u00f3n que el USUARIO realice de los servicios y contenidos del SITIO WEB, ni de las opiniones vertidas por los USUARIOS a trav\u00e9s de los foros, chats, blogs u otras herramientas de participaci\u00f3n. El USUARIO reconoce y acepta que la utilizaci\u00f3n del SITIO WEB, as\u00ed como de sus servicios y contenidos, se realiza bajo su exclusivo riesgo y responsabilidad.<\/p>\n<p>6.3.- El USUARIO ser\u00e1 \u00fanico responsable de las aportaciones y comentarios que realice en este SITIO WEB, y dem\u00e1s herramientas de participaci\u00f3n, reserv\u00e1ndose FANPSE el derecho a retirar del mismo aquellos que, a su criterio, considere no apropiados para su publicaci\u00f3n.<\/p>\n<ol start=\"7\">\n<li><strong> Enlaces<\/strong><\/li>\n<\/ol>\n<p>7.1.- En el caso de que en el SITIO WEB se dispusiesen enlaces o hiperv\u00ednculos hacia otros sitios de Internet, FANPSE no ejercer\u00e1 ning\u00fan control sobre dichos sitios y contenidos. En ning\u00fan caso FANPSE asumir\u00e1 responsabilidad alguna por los contenidos de los sitios web ajenos enlazados, ni garantizar\u00e1 la disponibilidad t\u00e9cnica, calidad, fiabilidad, exactitud, amplitud, veracidad, legalidad o validez de cualquier material o informaci\u00f3n contenida en ninguno de dichos hiperv\u00ednculos u otros sitios de Internet. En este sentido, si los USUARIOS tuvieran conocimiento efectivo de la ilicitud de actividades desarrolladas a trav\u00e9s de estas p\u00e1ginas web de terceros enlazadas, deber\u00e1n comunicarlo inmediatamente a FANPSE a los efectos de que se proceda a deshabilitar el enlace de acceso a las mismas.<\/p>\n<p>7.2.- Igualmente, la inclusi\u00f3n de cualquier tipo de enlace por parte de FANPSE a otros sitios de Internet no implicar\u00e1 que exista ning\u00fan tipo de relaci\u00f3n, asociaci\u00f3n, colaboraci\u00f3n o dependencia entre FANPSE y el titular del sitio web ajeno.<\/p>\n<ol start=\"8\">\n<li><strong> Derecho de exclusi\u00f3n<\/strong><\/li>\n<\/ol>\n<p>8.1.- FANPSE se reserva el derecho a denegar o retirar el acceso al SITIO WEB y\/o a los contenidos y servicios ofrecidos en el mismo, sin necesidad de preaviso, a aquellos USUARIOS que incumplan las presentes condiciones generales de uso o las particulares que pudieran establecerse.<\/p>\n<ol start=\"9\">\n<li><strong> Generalidades<\/strong><\/li>\n<\/ol>\n<p>9.1.- En caso de existir discrepancia entre lo establecido en estas condiciones generales de uso y las condiciones particulares de cada servicio espec\u00edfico, prevalecer\u00e1 lo dispuesto en \u00e9stas \u00faltimas.<\/p>\n<p>9.2.- Si cualquier disposici\u00f3n o contenido de este Aviso Legal fuera declarado nulo o inaplicable, en todo o en parte, mediante resoluci\u00f3n firme por un Juzgado o Tribunal competente, dicha nulidad o inaplicaci\u00f3n no afectar\u00e1 a las restantes disposiciones de las condiciones de uso, que conservar\u00e1n su validez a todos los efectos.<\/p>\n<p>9.3.- El no ejercicio o ejecuci\u00f3n por parte de FANPSE de cualquier derecho o disposici\u00f3n contenida en estas condiciones de uso no constituir\u00e1 una renuncia al mismo, salvo reconocimiento y acuerdo de esta por escrito.<\/p>\n<p>9.4.- \u00a0\u00a0modificar en todo o en parte y en cualquier momento las condiciones aqu\u00ed determinadas, y dichas modificaciones tendr\u00e1n vigencia desde el mismo momento de su publicaci\u00f3n en el SITIO WEB.<\/p>\n<ol start=\"10\">\n<li><strong> Ley aplicable y jurisdicci\u00f3n<\/strong><\/li>\n<\/ol>\n<p>La relaci\u00f3n establecida entre FANPSE y el USUARIO se regir\u00e1 por lo dispuesto en la normativa espa\u00f1ola en vigor. Para la resoluci\u00f3n de cualquier conflicto y, salvo disposici\u00f3n legal contraria, ambas partes se someten, con renuncia expresa a cualquier otro fuero, a los Juzgados y Tribunales de Barcelona.<\/p>\n<p>&nbsp;<\/p>\n<p><strong>\u00daltima actualizaci\u00f3n: 19\/09\/2025.<\/strong><\/p>\n<p><a href=\"#_ftnref1\" name=\"_ftn1\"><\/a><a href=\"#_ftnref3\" name=\"_ftn3\"><\/a>[\/vc_column_text][\/vc_column][\/vc_row]<\/p>\n","protected":false},"excerpt":{"rendered":"<p>[vc_row el_class=\u00bbpoliticas-web\u00bb][vc_column][vc_empty_space height=\u00bb30px\u00bb][vc_column_text] Informaci\u00f3n legal En cumplimiento del deber de informaci\u00f3n establecido en el art\u00edculo 10 de la Ley 34\/2002, de Servicios de la Sociedad de la Informaci\u00f3n y de Comercio Electr\u00f3nico, le comunicamos que el titular del dominio web https:\/\/congresofanpse.org\/2026\/ es FANPSE cuyos datos identificativos y de contacto son los siguientes: Titular FEDERACI\u00d3N DE&#8230;<\/p>\n","protected":false},"author":3,"featured_media":0,"parent":0,"menu_order":0,"comment_status":"closed","ping_status":"closed","template":"","meta":{"_monsterinsights_skip_tracking":false,"_monsterinsights_sitenote_active":false,"_monsterinsights_sitenote_note":"","_monsterinsights_sitenote_category":0,"footnotes":""},"aioseo_notices":[],"_links":{"self":[{"href":"https:\/\/congresofanpse.org\/2026\/wp-json\/wp\/v2\/pages\/4132"}],"collection":[{"href":"https:\/\/congresofanpse.org\/2026\/wp-json\/wp\/v2\/pages"}],"about":[{"href":"https:\/\/congresofanpse.org\/2026\/wp-json\/wp\/v2\/types\/page"}],"author":[{"embeddable":true,"href":"https:\/\/congresofanpse.org\/2026\/wp-json\/wp\/v2\/users\/3"}],"replies":[{"embeddable":true,"href":"https:\/\/congresofanpse.org\/2026\/wp-json\/wp\/v2\/comments?post=4132"}],"version-history":[{"count":9,"href":"https:\/\/congresofanpse.org\/2026\/wp-json\/wp\/v2\/pages\/4132\/revisions"}],"predecessor-version":[{"id":6218,"href":"https:\/\/congresofanpse.org\/2026\/wp-json\/wp\/v2\/pages\/4132\/revisions\/6218"}],"wp:attachment":[{"href":"https:\/\/congresofanpse.org\/2026\/wp-json\/wp\/v2\/media?parent=4132"}],"curies":[{"name":"wp","href":"https:\/\/api.w.org\/{rel}","templated":true}]}}