{"id":3996,"date":"2023-03-30T13:01:21","date_gmt":"2023-03-30T11:01:21","guid":{"rendered":"http:\/\/congresofanpse.org\/?page_id=3996"},"modified":"2025-07-21T11:25:15","modified_gmt":"2025-07-21T09:25:15","slug":"sede","status":"publish","type":"page","link":"https:\/\/congresofanpse.org\/2026\/sede\/","title":{"rendered":"La Sede"},"content":{"rendered":"<p>[vc_row disable_element=\u00bbyes\u00bb el_class=\u00bbprograma-web prox-footer\u00bb css=\u00bb.vc_custom_1733741604946{margin-top: 0px !important;margin-bottom: 0px !important;border-bottom-width: 0px !important;padding-top: 0px !important;}\u00bb][vc_column][vc_column_text el_class=\u00bbtitle-inscripcion proximamente\u00bb css=\u00bb.vc_custom_1730279025399{margin-top: 0px !important;margin-bottom: 0px !important;padding-top: 0px !important;padding-bottom: 0px !important;}\u00bb]PR\u00d3XIMAMENTE[\/vc_column_text][\/vc_column][\/vc_row][vc_row el_class=\u00bbintro-sede\u00bb][vc_column][vc_column_text]<\/p>\n<h2 style=\"color: #1e5795; padding-bottom: 15px;\"><b><span data-contrast=\"auto\">SEDE CONGRESO Y TALLERES <span style=\"font-size: 16px; color: #198bcb;\">5 al 7 de marzo<\/span><\/span><\/b><\/h2>\n<p><strong>Ilustre Colegio Oficial de M\u00e9dicos de Valencia<\/strong><br \/>\n<a href=\"https:\/\/maps.app.goo.gl\/NhjHZZPBpUrZRRtK9\" target=\"_blank\" rel=\"noopener\">Avenida de la Plata, 34 &#8211; \u00a046013, Valencia<\/a><br \/>\n<a href=\"https:\/\/www.comv.es\/\" target=\"_blank\" rel=\"noopener\">www.comv.es<\/a><\/p>\n<p class=\"x_MsoNormal\" data-olk-copy-source=\"MessageBody\">Nuestro congreso se celebrar\u00e1 en el\u00a0<b>Ilustre Colegio Oficial de M\u00e9dicos de Valencia<\/b>, un espacio ubicado en la parte sur de la ciudad, muy cerca de la Ciudad de las Artes y la Ciencias, con f\u00e1cil acceso desde el aeropuerto y principales puntos de la ciudad.<\/p>\n<p class=\"x_MsoNormal\">Este espacio ofrece instalaciones de diversas caracter\u00edsticas que nos permitir\u00e1n celebrar el congreso completo en sus instalaciones, condiciones que mejoran la comodidad de los asistentes e ideal para garantizar el \u00e9xito de nuestro congreso.<\/p>\n<p>[\/vc_column_text][vc_row_inner][vc_column_inner width=\u00bb1\/2&#8243;][vc_single_image image=\u00bb5931&#8243; img_size=\u00bbfull\u00bb alignment=\u00bbright\u00bb][\/vc_column_inner][vc_column_inner width=\u00bb1\/2&#8243;][vc_single_image image=\u00bb5932&#8243; img_size=\u00bbfull\u00bb alignment=\u00bbright\u00bb][\/vc_column_inner][\/vc_row_inner][vc_row_inner][vc_column_inner][vc_gmaps link=\u00bb#E-8_JTNDaWZyYW1lJTIwc3JjJTNEJTIyaHR0cHMlM0ElMkYlMkZ3d3cuZ29vZ2xlLmNvbSUyRm1hcHMlMkZlbWJlZCUzRnBiJTNEJTIxMW0xOCUyMTFtMTIlMjExbTMlMjExZDMwODAuNTgxMzU5NjIyOTM1NSUyMTJkLTAuMzY2MDAwODIzNjA4MzYyNSUyMTNkMzkuNDU2MTkzMjEzNTM5Mzg2JTIxMm0zJTIxMWYwJTIxMmYwJTIxM2YwJTIxM20yJTIxMWkxMDI0JTIxMmk3NjglMjE0ZjEzLjElMjEzbTMlMjExbTIlMjExczB4ZDYwNDhkMWQzODlmOGZmJTI1M0EweDI3ZTA1ZmY0ZTEyMzc3OSUyMTJzSWx1c3RyZSUyNTIwQ29sZWdpbyUyNTIwT2ZpY2lhbCUyNTIwZGUlMjUyME0lMjVDMyUyNUE5ZGljb3MlMjUyMGRlJTI1MjBWYWxlbmNpYSUyNTIwJTI4SUNPTVYlMjklMjE1ZTAlMjEzbTIlMjExc2VzJTIxMnNlcyUyMTR2MTc1Mjc0NDcxNjE3NSUyMTVtMiUyMTFzZXMlMjEyc2VzJTIyJTIwd2lkdGglM0QlMjIxMDAlMjUlMjIlMjBoZWlnaHQlM0QlMjIzMDAlMjIlMjBzdHlsZSUzRCUyMmJvcmRlciUzQTAlM0IlMjIlMjBhbGxvd2Z1bGxzY3JlZW4lM0QlMjIlMjIlMjBsb2FkaW5nJTNEJTIybGF6eSUyMiUyMHJlZmVycmVycG9saWN5JTNEJTIybm8tcmVmZXJyZXItd2hlbi1kb3duZ3JhZGUlMjIlM0UlM0MlMkZpZnJhbWUlM0U=\u00bb][\/vc_column_inner][\/vc_row_inner][\/vc_column][\/vc_row][vc_row el_class=\u00bbfondo-columna servicios-cuota localizacion\u00bb][vc_column][vc_column_text el_class=\u00bbtitle-inscripcion\u00bb]<\/p>\n<h2 style=\"color: #1e5795; margin-top: 0; margin-bottom: 30px;\"><b><span data-contrast=\"auto\">LOCALIZACI\u00d3N<\/span><\/b><\/h2>\n<p>[\/vc_column_text]<div class=\"evc-icon-list evc-shortcode \">\n\t<div class=\"evc-il-item  \" >\n\t<div class=\"evc-ili-inner\">\n\t\t\t<span class=\"evc-ili-icon-wrapper\" style=\"font-size: 30px;color: #1e5795\">\n\t\t<span class=\"evc-ili-icon fa fa-plane\"><\/span>\n\t<\/span>\n\t\t\t<span class=\"evc-ili-text\" >Llegar desde el aeropuerto de Valencia:<\/span>\n\t\t\t<\/div>\n<\/div>\n<\/div>\n[vc_column_text]<strong>Metro<\/strong>:\u202fDesde el Aeropuerto hasta el Colegio Oficial de M\u00e9dicos.\u202fConsultar horarios pinchando\u202f<a title=\"https:\/\/www.metrovalencia.es\/\" href=\"https:\/\/www.metrovalencia.es\/\" target=\"_blank\" rel=\"noopener\" data-auth=\"NotApplicable\" data-linkindex=\"1\">aqu\u00ed<\/a>.\u202fPrecio\u00a0billete sencillo\u00a0desde\/hacia Aeropuerto: aprox.\u202f4,8\u20ac\u00a0+ 1\u20ac tarjeta.\u202fEn direcci\u00f3n\u00a0a\u00a0Mar\u00edtim\/Rafelbu\u00f1ol, l\u00ednea 3\u00a0\u00f3\u00a05, con trasbordo en\u00a0X\u00e1tiva\u00a0en direcci\u00f3n a\u00a0Ciutat\u00a0Arts\u00a0i\u00a0Ci\u00e8ncies\u00a0\u2013\u00a0Just\u00edcia , bajar en la parada Amado Granell &#8211; Montolivet, l\u00ednea 10. Duraci\u00f3n del trayecto: aprox. 50 minutos.<\/p>\n<p><b data-olk-copy-source=\"MessageBody\">Taxi:<\/b> Desde el Aeropuerto a la Sede, fuera de hora punta (7 am a 8.30 am \u2013 17.00 a 18.30) se llega en 20\u00a0minutos. Si es en esa franja horaria puedes tardar unos 40 min.\u202fPrecio 25-30\u20ac aprox.[\/vc_column_text]<div class=\"evc-icon-list evc-shortcode \">\n\t<div class=\"evc-il-item  \" >\n\t<div class=\"evc-ili-inner\">\n\t\t\t<span class=\"evc-ili-icon-wrapper\" style=\"font-size: 30px;color: #1e5795\">\n\t\t<span class=\"evc-ili-icon fa fa-train\"><\/span>\n\t<\/span>\n\t\t\t<span class=\"evc-ili-text\" >Llegar desde la Estaci\u00f3n de AVE Joaqu\u00edn Sorolla:<\/span>\n\t\t\t<\/div>\n<\/div>\n<\/div>\n[vc_column_text]15 minutos en taxi o con la L\u00ednea 10 de metro en 30 minutos desde la Estaci\u00f3n Alacant\u00a0en direcci\u00f3n\u00a0Natzaret\u00a0hasta\u00a0Ciutat\u00a0Arts\u00a0i\u00a0Ci\u00e8ncies\u00a0\u2013\u00a0Just\u00edcia, bajar en la parada Amado Granell &#8211; Montolivet, l\u00ednea 10,\u00a0tiene parada a\u00a05\u00a0min. a pie de la sede.\u202fPrecio l\u00ednea: aprox. 1,50\u00a0\u20ac.[\/vc_column_text]<div class=\"evc-icon-list evc-shortcode \">\n\t<div class=\"evc-il-item  \" >\n\t<div class=\"evc-ili-inner\">\n\t\t\t<span class=\"evc-ili-icon-wrapper\" style=\"font-size: 30px;color: #1e5795\">\n\t\t<span class=\"evc-ili-icon fa fa-car\"><\/span>\n\t<\/span>\n\t\t\t<span class=\"evc-ili-text\" >Por carretera:<\/span>\n\t\t\t<\/div>\n<\/div>\n<\/div>\n[vc_column_text]<\/p>\n<p class=\"x_MsoNormal\"><b data-olk-copy-source=\"MessageBody\">Autopista A-7 y la carretera N- 340<\/b>: recorren la Comunitat Valenciana de Norte a Sur.<\/p>\n<p class=\"x_MsoNormal\"><b>Autov\u00eda A-3<\/b>: conecta Madrid y Val\u00e8ncia.<\/p>\n<p class=\"x_MsoNormal\"><b>Nacional 234<\/b>: une Val\u00e8ncia con Arag\u00f3n, Castilla-Le\u00f3n y el norte de la Pen\u00ednsula.<\/p>\n<p class=\"x_MsoNormal\">M\u00e1s informaci\u00f3n, pinchando\u00a0<a title=\"https:\/\/cac.es\/informacion-de-interes\" href=\"https:\/\/cac.es\/informacion-de-interes\" target=\"_blank\" rel=\"noopener\" data-auth=\"NotApplicable\" data-linkindex=\"2\">aqu\u00ed<\/a>.<\/p>\n<p>[\/vc_column_text][\/vc_column][\/vc_row][vc_row el_class=\u00bbintro-sede\u00bb css=\u00bb.vc_custom_1752748416888{padding-top: 15px !important;}\u00bb][vc_column][vc_column_text]<\/p>\n<h2 style=\"color: #1e5795; padding-bottom: 15px;\"><b><span data-contrast=\"auto\">VALENCIA<\/span><\/b><\/h2>\n<p class=\"x_MsoNormal\" data-olk-copy-source=\"MessageBody\">Valencia, situada en la costa este de Espa\u00f1a, es una ciudad vibrante que combina historia, modernidad y naturaleza. Conocida por su impresionante Ciudad de las Artes y las Ciencias, sus playas doradas y su deliciosa gastronom\u00eda \u2014especialmente la paella\u2014, Valencia ofrece una experiencia \u00fanica. Su casco antiguo alberga joyas como la Lonja de la Seda y la Catedral, mientras que sus jardines del Turia invitan a pasear o hacer deporte al aire libre. Adem\u00e1s, su clima mediterr\u00e1neo la convierte en un destino ideal durante todo el a\u00f1o. Si buscas cultura, sol, mar y una ciudad acogedora, \u00a1Valencia te espera con los brazos abiertos!<\/p>\n<p class=\"x_MsoNormal\">La UNESCO reconoce el incalculable valor hist\u00f3rico y cultural de Val\u00e8ncia y adem\u00e1s de La Lonja de la Seda y El Tribunal de las Aguas<b>,\u00a0<\/b>las Fallas fueron\u00a0<b>declaradas Patrimonio Inmaterial de la Humanidad por la UNESCO en 2016.<\/b><\/p>\n<p class=\"x_MsoNormal\"><b>Nuestro congreso coincide con el inicio estas fiestas cuyos d\u00edas de m\u00e1xima celebraci\u00f3n son del 14 al 19 de marzo.<\/b><\/p>\n<p class=\"x_MsoNormal\"><b>Del 1 al 19 de marzo, cada d\u00eda se dispara a las 14:00h \u201cla masclet\u00e1\u201d en la Plaza del Ayuntamiento y el fin de semana del 6 al 8 es el fin de semana prefallas, en el que numerosas fallas celebran verbenas y otros actos.<\/b><\/p>\n<p class=\"x_MsoNormal\">\u00a1Te esperamos en Valencia!<\/p>\n<p>[\/vc_column_text][\/vc_column][\/vc_row][vc_row full_width=\u00bbstretch_row_content_no_spaces\u00bb el_class=\u00bbfondo-sede\u00bb css=\u00bb.vc_custom_1752748524176{background-image: url(https:\/\/congresofanpse.org\/2026\/wp-content\/uploads\/2025\/07\/fondo-banner-valencia.png?id=5951) !important;}\u00bb][vc_column][\/vc_column][\/vc_row][vc_row disable_element=\u00bbyes\u00bb el_class=\u00bbintro-sede\u00bb css=\u00bb.vc_custom_1752745735593{margin-top: 60px !important;}\u00bb][vc_column][vc_column_text]<\/p>\n<h2 style=\"color: #1e5795; padding-bottom: 15px;\"><b><span data-contrast=\"auto\">SEDE TALLERES (27 de marzo)<\/span><\/b><\/h2>\n<p>Los talleres del congreso programados en la tarde del jueves 27 de marzo se realizar\u00e1n en la\u00a0<b>Facultad HM de Ciencias de la Salud-Universidad Camilo Jos\u00e9 Cela<\/b>.[\/vc_column_text][vc_row_inner][vc_column_inner width=\u00bb1\/3&#8243;][vc_single_image image=\u00bb5700&#8243; img_size=\u00bbfull\u00bb alignment=\u00bbright\u00bb css=\u00bb.vc_custom_1733743273768{margin-bottom: 20px !important;}\u00bb][\/vc_column_inner][vc_column_inner width=\u00bb1\/3&#8243;][\/vc_column_inner][vc_column_inner width=\u00bb1\/3&#8243;][\/vc_column_inner][\/vc_row_inner][vc_column_text]La Jornada Sat\u00e9lite de la Asociaci\u00f3n Madrile\u00f1a de Neuropsicolog\u00eda a celebrar en la ma\u00f1ana del jueves 27 de marzo tambi\u00e9n tendr\u00e1 lugar en la\u00a0<b>Facultad HM de Ciencias de la Salud-Universidad Camilo Jos\u00e9 Cela<\/b>.[\/vc_column_text][\/vc_column][\/vc_row][vc_row disable_element=\u00bbyes\u00bb el_class=\u00bbfondo-columna taller servicios-cuota localizacion\u00bb][vc_column][vc_column_text el_class=\u00bbtitle-inscripcion\u00bb]<\/p>\n<h2 style=\"color: #1e5795; margin-top: 0; margin-bottom: 40px;\"><b><span data-contrast=\"auto\">LOCALIZACI\u00d3N<\/span><\/b><\/h2>\n<p>[\/vc_column_text][vc_column_text]<\/p>\n<p class=\"direccion\"><strong>Direcci\u00f3n<\/strong>: <span data-olk-copy-source=\"MessageBody\">C\/ Almagro, 5. Madrid<\/span>.<\/p>\n<p>[\/vc_column_text]<div class=\"evc-icon-list evc-shortcode \">\n\t<div class=\"evc-il-item  \" >\n\t<div class=\"evc-ili-inner\">\n\t\t\t<span class=\"evc-ili-icon-wrapper\" style=\"font-size: 30px;color: #1e5795\">\n\t\t<span class=\"evc-ili-icon fa fa-car\"><\/span>\n\t<\/span>\n\t\t\t<span class=\"evc-ili-text\" >En coche:<\/span>\n\t\t\t<\/div>\n<\/div>\n<\/div>\n[vc_column_text]<span data-olk-copy-source=\"MessageBody\">Existen varias v\u00edas de acceso en coche: desde la calle Sagasta, desde la Calle G\u00e9nova y desde la Glorieta Rub\u00e9n Dar\u00edo<\/span>.[\/vc_column_text]<div class=\"evc-icon-list evc-shortcode \">\n\t<div class=\"evc-il-item  \" >\n\t<div class=\"evc-ili-inner\">\n\t\t\t<span class=\"evc-ili-icon-wrapper\" style=\"font-size: 30px;color: #1e5795\">\n\t\t<span class=\"evc-ili-icon fa fa-bus\"><\/span>\n\t<\/span>\n\t\t\t<span class=\"evc-ili-text\" >En autob\u00fas:<\/span>\n\t\t\t<\/div>\n<\/div>\n<\/div>\n[vc_column_text]<span data-olk-copy-source=\"MessageBody\">L\u00edneas 3, 7, 21, 37, N23, N25 y N26.<\/span>[\/vc_column_text]<div class=\"evc-icon-list evc-shortcode \">\n\t<div class=\"evc-il-item  \" >\n\t<div class=\"evc-ili-inner\">\n\t\t\t<span class=\"evc-ili-icon-wrapper\" style=\"font-size: 30px;color: #1e5795\">\n\t\t<span class=\"evc-ili-icon fa fa-train\"><\/span>\n\t<\/span>\n\t\t\t<span class=\"evc-ili-text\" >En tren\/metro:<\/span>\n\t\t\t<\/div>\n<\/div>\n<\/div>\n[vc_column_text]<b><span data-olk-copy-source=\"MessageBody\">Metro:<\/span><\/b> Parada Alonso Mart\u00ednez (L\u00edneas 10,4 y 5).<\/p>\n<p><b>Cercan\u00edas<\/b>: Estaci\u00f3n Recoletos.[\/vc_column_text][\/vc_column][\/vc_row]<\/p>\n","protected":false},"excerpt":{"rendered":"<p>[vc_row disable_element=\u00bbyes\u00bb el_class=\u00bbprograma-web prox-footer\u00bb css=\u00bb.vc_custom_1733741604946{margin-top: 0px !important;margin-bottom: 0px !important;border-bottom-width: 0px !important;padding-top: 0px !important;}\u00bb][vc_column][vc_column_text el_class=\u00bbtitle-inscripcion proximamente\u00bb css=\u00bb.vc_custom_1730279025399{margin-top: 0px !important;margin-bottom: 0px !important;padding-top: 0px !important;padding-bottom: 0px !important;}\u00bb]PR\u00d3XIMAMENTE[\/vc_column_text][\/vc_column][\/vc_row][vc_row el_class=\u00bbintro-sede\u00bb][vc_column][vc_column_text] SEDE CONGRESO Y TALLERES 5 al 7 de marzo Ilustre Colegio Oficial de M\u00e9dicos de Valencia Avenida de la Plata, 34 &#8211; \u00a046013, Valencia www.comv.es Nuestro congreso se celebrar\u00e1 en&#8230;<\/p>\n","protected":false},"author":3,"featured_media":0,"parent":0,"menu_order":0,"comment_status":"closed","ping_status":"closed","template":"","meta":{"_monsterinsights_skip_tracking":false,"_monsterinsights_sitenote_active":false,"_monsterinsights_sitenote_note":"","_monsterinsights_sitenote_category":0,"footnotes":""},"aioseo_notices":[],"_links":{"self":[{"href":"https:\/\/congresofanpse.org\/2026\/wp-json\/wp\/v2\/pages\/3996"}],"collection":[{"href":"https:\/\/congresofanpse.org\/2026\/wp-json\/wp\/v2\/pages"}],"about":[{"href":"https:\/\/congresofanpse.org\/2026\/wp-json\/wp\/v2\/types\/page"}],"author":[{"embeddable":true,"href":"https:\/\/congresofanpse.org\/2026\/wp-json\/wp\/v2\/users\/3"}],"replies":[{"embeddable":true,"href":"https:\/\/congresofanpse.org\/2026\/wp-json\/wp\/v2\/comments?post=3996"}],"version-history":[{"count":73,"href":"https:\/\/congresofanpse.org\/2026\/wp-json\/wp\/v2\/pages\/3996\/revisions"}],"predecessor-version":[{"id":5960,"href":"https:\/\/congresofanpse.org\/2026\/wp-json\/wp\/v2\/pages\/3996\/revisions\/5960"}],"wp:attachment":[{"href":"https:\/\/congresofanpse.org\/2026\/wp-json\/wp\/v2\/media?parent=3996"}],"curies":[{"name":"wp","href":"https:\/\/api.w.org\/{rel}","templated":true}]}}