{"id":5044,"date":"2023-10-04T08:49:30","date_gmt":"2023-10-04T06:49:30","guid":{"rendered":"https:\/\/congresofanpse.org\/2024\/?page_id=5044"},"modified":"2025-03-05T14:23:47","modified_gmt":"2025-03-05T13:23:47","slug":"alojamiento","status":"publish","type":"page","link":"https:\/\/congresofanpse.org\/2025\/alojamiento\/","title":{"rendered":"Alojamiento"},"content":{"rendered":"<p>[vc_row el_class=\u00bbintro-sede alojamiento\u00bb][vc_column width=\u00bb1\/2&#8243;][vc_column_text]<\/p>\n<h2 style=\"color: #1e5795; padding-bottom: 0px;\"><b><span data-contrast=\"auto\">Hotel Nh Las Ventas ****<\/span><\/b><\/h2>\n<p><span class=\"TextRun SCXW172009853 BCX0\" lang=\"ES-ES\" xml:lang=\"ES-ES\" data-contrast=\"auto\"><span class=\"NormalTextRun SCXW172009853 BCX0\">Direcci\u00f3n: <span data-olk-copy-source=\"MessageBody\">C\/ de Biarritz, 2. Madrid<\/span><\/span><\/span><span class=\"EOP SCXW172009853 BCX0\" data-ccp-props=\"{&quot;201341983&quot;:0,&quot;335559739&quot;:160,&quot;335559740&quot;:259}\">.<\/span><\/p>\n<p style=\"padding-bottom: 10px;\"><a href=\"https:\/\/www.nh-hotels.com\/es\/hotel\/nh-madrid-ventas?campid=8435708&amp;gad_source=1&amp;gclid=CjwKCAiA9bq6BhAKEiwAH6bqoCTJ02f-L8A0wGvJc1BROvyRFmu6AlR7Y9djEkeCcP8DM13CMi_OuhoCzaYQAvD_BwE&amp;gclsrc=aw.ds\" target=\"_blank\" rel=\"noopener\"><span data-contrast=\"none\">Ir a la web<\/span><\/a><\/p>\n<p>Disfruta de la estancia y comodidad de estar alojado en el hotel <strong>Sede del Congreso<\/strong>.<\/p>\n<p>Para informarte de las caracter\u00edsticas, instalaciones y tramitar tu reserva contacta directamente con el hotel a trav\u00e9s de su <a href=\"https:\/\/www.nh-hotels.com\/es\/hotel\/nh-madrid-ventas?campid=8435708&amp;gad_source=1&amp;gclid=CjwKCAiA9bq6BhAKEiwAH6bqoCTJ02f-L8A0wGvJc1BROvyRFmu6AlR7Y9djEkeCcP8DM13CMi_OuhoCzaYQAvD_BwE&amp;gclsrc=aw.ds\" target=\"_blank\" rel=\"noopener\">p\u00e1gina web<\/a>.<\/p>\n<p><i>Para cualquier consulta contacta directamente con el hotel en el \u00a091 361 02 88\u00a0o\u00a0<a title=\"mailto:nhventas@nh-hotels.com\" href=\"mailto:nhventas@nh-hotels.com\" data-linkindex=\"8\">nhventas@nh-hotels.com<\/a><\/i>.[\/vc_column_text][vc_column_text el_class=\u00bbno-mostrar\u00bb]<\/p>\n<h2 style=\"color: #1e5795; padding-bottom: 0px;\"><b><span data-contrast=\"auto\">Hotel Nh Las Ventas ****<\/span><\/b> <span style=\"color: #212529; font-size: 16px;\">(Sede del Congreso)<\/span><\/h2>\n<p><span class=\"TextRun SCXW172009853 BCX0\" lang=\"ES-ES\" xml:lang=\"ES-ES\" data-contrast=\"auto\"><span class=\"NormalTextRun SCXW172009853 BCX0\">Direcci\u00f3n: <span data-olk-copy-source=\"MessageBody\">C\/ de Biarritz, 2. Madrid<\/span><\/span><\/span><span class=\"EOP SCXW172009853 BCX0\" data-ccp-props=\"{&quot;201341983&quot;:0,&quot;335559739&quot;:160,&quot;335559740&quot;:259}\">.<\/span><\/p>\n<p style=\"padding-bottom: 10px;\"><a href=\"https:\/\/www.nh-hotels.com\/es\/hotel\/nh-madrid-ventas?campid=8435708&amp;gad_source=1&amp;gclid=CjwKCAiA9bq6BhAKEiwAH6bqoCTJ02f-L8A0wGvJc1BROvyRFmu6AlR7Y9djEkeCcP8DM13CMi_OuhoCzaYQAvD_BwE&amp;gclsrc=aw.ds\" target=\"_blank\" rel=\"noopener\"><span data-contrast=\"none\">Ir a la web<\/span><\/a><\/p>\n<p><span data-olk-copy-source=\"MessageBody\">Tarifas de alojamiento conveniadas para los congresistas:<\/span><\/p>\n<blockquote><p><b>Jueves 27 de marzo<\/b>: Habitaci\u00f3n Doble Uso Individual\u00a0<b>170 \u20ac <\/b>\/ noche.<\/p>\n<p><b>Viernes 28 de marzo<\/b>: Habitaci\u00f3n Doble Uso Doble\u00a0<b>193.37 \u20ac <\/b>\/ noche.<\/p><\/blockquote>\n<p><span data-olk-copy-source=\"MessageBody\">Para beneficiarte de esta tarifa haz tu reserva a trav\u00e9s de\u00a0<\/span><a title=\"https:\/\/www.nh-hotels.com\/es\/event\/neuropsicologia-27-al-29-mar-2025\" href=\"https:\/\/www.nh-hotels.com\/es\/event\/neuropsicologia-27-al-29-mar-2025\" target=\"_blank\" rel=\"noopener\" data-auth=\"NotApplicable\" data-linkindex=\"6\">ESTE LINK<\/a>.<\/p>\n<p><i>Para cualquier consulta contacta directamente con el hotel en el \u00a091 361 02 88\u00a0o\u00a0<a title=\"mailto:nhventas@nh-hotels.com\" href=\"mailto:nhventas@nh-hotels.com\" data-linkindex=\"8\">nhventas@nh-hotels.com<\/a><\/i>.[\/vc_column_text][\/vc_column][vc_column width=\u00bb1\/2&#8243; el_class=\u00bbimg-sede img-alojamiento\u00bb][vc_single_image image=\u00bb5717&#8243; img_size=\u00bbfull\u00bb alignment=\u00bbright\u00bb][vc_single_image image=\u00bb5716&#8243; img_size=\u00bbfull\u00bb alignment=\u00bbright\u00bb][\/vc_column][\/vc_row][vc_row el_class=\u00bbintro-sede alojamiento hotel-pc\u00bb][vc_column][vc_separator color=\u00bbcustom\u00bb border_width=\u00bb2&#8243; accent_color=\u00bb#198bcb\u00bb el_class=\u00bbseparador-alojamiento\u00bb][\/vc_column][\/vc_row][vc_row el_class=\u00bbintro-sede alojamiento hotel-responsive\u00bb][vc_column width=\u00bb1\/2&#8243;][vc_column_text]<\/p>\n<h2 style=\"color: #1e5795; padding-bottom: 0px;\"><b><span data-contrast=\"auto\">Hotel Abba Madrid ****<\/span><\/b><\/h2>\n<p><span class=\"TextRun SCXW172009853 BCX0\" lang=\"ES-ES\" xml:lang=\"ES-ES\" data-contrast=\"auto\"><span class=\"NormalTextRun SCXW172009853 BCX0\">Direcci\u00f3n: <span data-olk-copy-source=\"MessageBody\">Avda. Am\u00e9rica, 32. Madrid<\/span><\/span><\/span><span class=\"EOP SCXW172009853 BCX0\" data-ccp-props=\"{&quot;201341983&quot;:0,&quot;335559739&quot;:160,&quot;335559740&quot;:259}\">.<\/span><\/p>\n<p style=\"padding-bottom: 10px;\"><a href=\"https:\/\/www.abbahoteles.com\/es\/destinos\/abba-madrid-hotel\/hotel.html\" target=\"_blank\" rel=\"noopener\"><span data-contrast=\"none\">Ir a la web<\/span><\/a><\/p>\n<p>Los congresistas que deseen alojarse dispondr\u00e1n de un 10% de descuento (no acumulable a otras ofertas) en la tarifa vigente en el momento de realizar su reserva. Para ello, haga su reserva\u00a0<a title=\"http:\/\/www.abbamadridhotel.com\" href=\"http:\/\/www.abbamadridhotel.com\/\" target=\"_blank\" rel=\"noopener\" data-auth=\"NotApplicable\" data-linkindex=\"10\">www.abbamadridhotel.com<\/a> indicando <b>ABFANSPE25<\/b> como Promocode.<\/p>\n<p>A 15 min a pie de la sede.<\/p>\n<p><i>Para cualquier consulta contacta directamente con el hotel en\u00a0el 91 212 50 00\u00a0<a title=\"mailto:reservas-madrid@abbahoteles.com\" href=\"mailto:reservas-madrid@abbahoteles.com\" data-linkindex=\"11\">reservas-madrid@abbahoteles.com<\/a><\/i>.[\/vc_column_text][\/vc_column][vc_column width=\u00bb1\/2&#8243; el_class=\u00bbimg-sede img-alojamiento\u00bb][vc_single_image image=\u00bb5720&#8243; img_size=\u00bbfull\u00bb alignment=\u00bbright\u00bb][vc_single_image image=\u00bb5721&#8243; img_size=\u00bbfull\u00bb alignment=\u00bbright\u00bb][\/vc_column][\/vc_row][vc_row el_class=\u00bbintro-sede alojamiento premios\u00bb css=\u00bb.vc_custom_1700119720347{margin-top: 10px !important;margin-bottom: -20px !important;}\u00bb][vc_column][vc_column_text el_class=\u00bbponencia\u00bb]<\/p>\n<p style=\"text-align: center;\"><i><span data-contrast=\"auto\">* Precios sujetos a disponibilidad en el momento de realizar la reserva. Plazas limitadas. Precios en r\u00e9gimen de alojamiento y desayuno. IVA incluido.<\/span><\/i><\/p>\n<p>[\/vc_column_text][\/vc_column][\/vc_row]<\/p>\n","protected":false},"excerpt":{"rendered":"<p>[vc_row el_class=\u00bbintro-sede alojamiento\u00bb][vc_column width=\u00bb1\/2&#8243;][vc_column_text] Hotel Nh Las Ventas **** Direcci\u00f3n: C\/ de Biarritz, 2. Madrid. Ir a la web Disfruta de la estancia y comodidad de estar alojado en el hotel Sede del Congreso. Para informarte de las caracter\u00edsticas, instalaciones y tramitar tu reserva contacta directamente con el hotel a trav\u00e9s de su p\u00e1gina web&#8230;.<\/p>\n","protected":false},"author":3,"featured_media":0,"parent":0,"menu_order":0,"comment_status":"closed","ping_status":"closed","template":"","meta":{"_monsterinsights_skip_tracking":false,"_monsterinsights_sitenote_active":false,"_monsterinsights_sitenote_note":"","_monsterinsights_sitenote_category":0,"footnotes":""},"aioseo_notices":[],"_links":{"self":[{"href":"https:\/\/congresofanpse.org\/2025\/wp-json\/wp\/v2\/pages\/5044"}],"collection":[{"href":"https:\/\/congresofanpse.org\/2025\/wp-json\/wp\/v2\/pages"}],"about":[{"href":"https:\/\/congresofanpse.org\/2025\/wp-json\/wp\/v2\/types\/page"}],"author":[{"embeddable":true,"href":"https:\/\/congresofanpse.org\/2025\/wp-json\/wp\/v2\/users\/3"}],"replies":[{"embeddable":true,"href":"https:\/\/congresofanpse.org\/2025\/wp-json\/wp\/v2\/comments?post=5044"}],"version-history":[{"count":36,"href":"https:\/\/congresofanpse.org\/2025\/wp-json\/wp\/v2\/pages\/5044\/revisions"}],"predecessor-version":[{"id":5806,"href":"https:\/\/congresofanpse.org\/2025\/wp-json\/wp\/v2\/pages\/5044\/revisions\/5806"}],"wp:attachment":[{"href":"https:\/\/congresofanpse.org\/2025\/wp-json\/wp\/v2\/media?parent=5044"}],"curies":[{"name":"wp","href":"https:\/\/api.w.org\/{rel}","templated":true}]}}