{"id":5098,"date":"2023-10-24T09:49:29","date_gmt":"2023-10-24T07:49:29","guid":{"rendered":"https:\/\/congresofanpse.org\/2024\/?page_id=5098"},"modified":"2023-10-24T12:21:10","modified_gmt":"2023-10-24T10:21:10","slug":"becas-excetalent","status":"publish","type":"page","link":"https:\/\/congresofanpse.org\/2024\/becas-excetalent\/","title":{"rendered":"Becas Excetalent"},"content":{"rendered":"<p>[vc_row css=\u00bb.vc_custom_1681224910576{margin-top: -20px !important;}\u00bb][vc_column width=\u00bb1\/6&#8243;][\/vc_column][vc_column width=\u00bb2\/3&#8243;][vc_column_text el_class=\u00bbtitle-inscripcion\u00bb]<\/p>\n<h2 style=\"color: #1e5795; padding-bottom: 25px; text-align: center;\"><b><span data-contrast=\"auto\">BECAS DE INSCRIPCI\u00d3N AL XV CONGRESO FANPSE 2024<\/span><\/b><\/h2>\n<p>[\/vc_column_text][vc_column_text]<\/p>\n<p style=\"text-align: center; margin-bottom: 0px;\">Patrocinadas por:<\/p>\n<p><a href=\"https:\/\/excetalent.com\/\" target=\"_blank\" rel=\"noopener\"><img decoding=\"async\" loading=\"lazy\" class=\"alignnone size-full wp-image-5133 aligncenter\" src=\"https:\/\/congresofanpse.org\/2024\/wp-content\/uploads\/2023\/10\/Excetalent.png\" alt=\"\" width=\"200\" height=\"38\" srcset=\"https:\/\/congresofanpse.org\/2024\/wp-content\/uploads\/2023\/10\/Excetalent.png 1200w, https:\/\/congresofanpse.org\/2024\/wp-content\/uploads\/2023\/10\/Excetalent-300x57.png 300w, https:\/\/congresofanpse.org\/2024\/wp-content\/uploads\/2023\/10\/Excetalent-1024x193.png 1024w, https:\/\/congresofanpse.org\/2024\/wp-content\/uploads\/2023\/10\/Excetalent-768x145.png 768w\" sizes=\"(max-width: 200px) 100vw, 200px\" \/><\/a>[\/vc_column_text][\/vc_column][vc_column width=\u00bb1\/6&#8243;][\/vc_column][\/vc_row][vc_row content_placement=\u00bbmiddle\u00bb css=\u00bb.vc_custom_1698142866905{padding-top: 10px !important;padding-bottom: 0px !important;}\u00bb][vc_column][vc_column_text]<span data-contrast=\"auto\">Gracias a la colaboraci\u00f3n de Excetalent en el congreso, se entregar\u00e1n <\/span><b><span data-contrast=\"auto\">2 becas<\/span><\/b><span data-contrast=\"auto\"> a investigadores inscritos con <strong>c<\/strong><\/span><strong>uota Estudiante o Profesional en paro<\/strong><span data-contrast=\"auto\">, consistentes en una <\/span><b><span data-contrast=\"auto\">inscripci\u00f3n completa <\/span><\/b><span data-contrast=\"auto\">gratuita al XV Congreso FANPSE 2024.\u00a0<\/span><span data-ccp-props=\"{&quot;201341983&quot;:0,&quot;335559739&quot;:160,&quot;335559740&quot;:259}\">\u00a0<\/span><\/p>\n<p><span data-contrast=\"auto\">La <\/span><b><span data-contrast=\"auto\">finalidad<\/span><\/b><span data-contrast=\"auto\"> de estas becas es favorecer la participaci\u00f3n de estudiantes y profesionales en paro en el Congreso Nacional de FANPSE.\u00a0\u00a0<\/span><span data-ccp-props=\"{&quot;201341983&quot;:0,&quot;335559739&quot;:160,&quot;335559740&quot;:259}\">\u00a0<\/span><\/p>\n<p><span data-contrast=\"auto\">Se realizar\u00e1 un sorteo entre las comunicaciones orales y p\u00f3ster aceptadas presentadas por estudiantes o profesionales en paro. La beca consistir\u00e1 en una inscripci\u00f3n gratuita al XV Congreso FANPSE 2024.\u00a0 Se conceder\u00e1 solo una beca por trabajo, a su primer autor. \u00c9ste deber\u00e1 estar inscrito y haber enviado su comunicaci\u00f3n antes del 11 de diciembre de 2023. Las solicitudes de beca se gestionar\u00e1n a trav\u00e9s del gestor de comunicaciones, una vez haya sido aceptado el trabajo.<\/span><span data-ccp-props=\"{&quot;201341983&quot;:0,&quot;335559739&quot;:160,&quot;335559740&quot;:259}\">\u00a0<\/span><\/p>\n<p><span data-contrast=\"auto\">Las becas se har\u00e1n efectivas tras la aceptaci\u00f3n expresa de los autores.<\/span><span data-ccp-props=\"{&quot;201341983&quot;:0,&quot;335559739&quot;:160,&quot;335559740&quot;:259}\">\u00a0<\/span>[\/vc_column_text][\/vc_column][\/vc_row]<\/p>\n","protected":false},"excerpt":{"rendered":"<p>[vc_row css=\u00bb.vc_custom_1681224910576{margin-top: -20px !important;}\u00bb][vc_column width=\u00bb1\/6&#8243;][\/vc_column][vc_column width=\u00bb2\/3&#8243;][vc_column_text el_class=\u00bbtitle-inscripcion\u00bb] BECAS DE INSCRIPCI\u00d3N AL XV CONGRESO FANPSE 2024 [\/vc_column_text][vc_column_text] Patrocinadas por: [\/vc_column_text][\/vc_column][vc_column width=\u00bb1\/6&#8243;][\/vc_column][\/vc_row][vc_row content_placement=\u00bbmiddle\u00bb css=\u00bb.vc_custom_1698142866905{padding-top: 10px !important;padding-bottom: 0px !important;}\u00bb][vc_column][vc_column_text]Gracias a la colaboraci\u00f3n de Excetalent en el congreso, se entregar\u00e1n 2 becas a investigadores inscritos con cuota Estudiante o Profesional en paro, consistentes en una inscripci\u00f3n completa gratuita al&#8230;<\/p>\n","protected":false},"author":3,"featured_media":0,"parent":0,"menu_order":0,"comment_status":"closed","ping_status":"closed","template":"","meta":{"_monsterinsights_skip_tracking":false,"_monsterinsights_sitenote_active":false,"_monsterinsights_sitenote_note":"","_monsterinsights_sitenote_category":0,"footnotes":""},"aioseo_notices":[],"_links":{"self":[{"href":"https:\/\/congresofanpse.org\/2024\/wp-json\/wp\/v2\/pages\/5098"}],"collection":[{"href":"https:\/\/congresofanpse.org\/2024\/wp-json\/wp\/v2\/pages"}],"about":[{"href":"https:\/\/congresofanpse.org\/2024\/wp-json\/wp\/v2\/types\/page"}],"author":[{"embeddable":true,"href":"https:\/\/congresofanpse.org\/2024\/wp-json\/wp\/v2\/users\/3"}],"replies":[{"embeddable":true,"href":"https:\/\/congresofanpse.org\/2024\/wp-json\/wp\/v2\/comments?post=5098"}],"version-history":[{"count":7,"href":"https:\/\/congresofanpse.org\/2024\/wp-json\/wp\/v2\/pages\/5098\/revisions"}],"predecessor-version":[{"id":5137,"href":"https:\/\/congresofanpse.org\/2024\/wp-json\/wp\/v2\/pages\/5098\/revisions\/5137"}],"wp:attachment":[{"href":"https:\/\/congresofanpse.org\/2024\/wp-json\/wp\/v2\/media?parent=5098"}],"curies":[{"name":"wp","href":"https:\/\/api.w.org\/{rel}","templated":true}]}}