{"id":4132,"date":"2023-04-13T14:25:47","date_gmt":"2023-04-13T12:25:47","guid":{"rendered":"https:\/\/congresofanpse.org\/?page_id=4132"},"modified":"2023-07-20T10:26:04","modified_gmt":"2023-07-20T08:26:04","slug":"aviso-legal","status":"publish","type":"page","link":"https:\/\/congresofanpse.org\/2024\/aviso-legal\/","title":{"rendered":"Aviso legal"},"content":{"rendered":"<p>[vc_row el_class=\u00bbpoliticas-web\u00bb][vc_column]<div class=\"content-title-element dark size1 center\"><div class=\"title\">Aviso legal <span>FANPSE<\/span><\/div><div class=\"separate\"><i class=\"cubes\" aria-hidden=\"true\"><\/i><\/div><\/div>[vc_empty_space height=\u00bb30px\u00bb][vc_column_text]Para cumplir con el deber de informaci\u00f3n recogido en art\u00edculo 10 de la Ley 34\/2002, de 11 de julio, de Servicios de la Sociedad de la Informaci\u00f3n y de Comercio Electr\u00f3nico, a continuaci\u00f3n, se reflejan los siguientes datos de informaci\u00f3n general del sitio Web:<\/p>\n<p>Titular del sitio Web <a href=\"https:\/\/congresofanpse.org\/2024\/\">https:\/\/congresofanpse.org\/2024\/<\/a><\/p>\n<p><strong>FEDERACI\u00d3N DE ASOCIACIONES DE NEUROPSICOLG\u00cdA ESPA\u00d1OLAS (FANPSE)<\/strong><\/p>\n<p><strong>CIF <\/strong>G\u201064854938<\/p>\n<p>Inscrita en el Registro Nacional de Asociaciones, con el n\u00famero<\/p>\n<p><strong>Direcci\u00f3n:<\/strong> C\/ Freixa Llarga, s\/n. Hospitalet de Llobregat (08907), Barcelona.<\/p>\n<p>Correo electr\u00f3nico de contacto: <a href=\"mailto:congreso.fanpse@cevents.es\">congreso.fanpse@cevents.es<\/a><\/p>\n<p><strong>Usuarios <\/strong><\/p>\n<p>El acceso y\/o uso de este sitio Web atribuye la condici\u00f3n de usuario, y acepta, desde dicho acceso y\/o uso, las condiciones generales que se describen en este apartado.<\/p>\n<p><strong>Utilizaci\u00f3n del Sitio Web<\/strong><\/p>\n<p>El sitio Web es ofrecido con fines informativos sobre el congreso nacional realizado anualmente por FANPSE. A trav\u00e9s de nuestra Web, podr\u00e1 adquirir desde su ordenador\/ dispositivo los servicios\/ productos ofrecidos en nuestra Web. Puede acceder a la informaci\u00f3n sobre la compra\/ adquisici\u00f3n de nuestros productos\/ servicios a trav\u00e9s de esta Web en el \u201c<a href=\"https:\/\/congresofanpse.org\/2024\/terminos-condiciones\/\">T\u00e9rminos y condiciones de contrataci\u00f3n<\/a>\u201d.<\/p>\n<p>FANPSE podr\u00e1 dejar de prestar los servicios ofrecidos en este sitio Web sin previa comunicaci\u00f3n con el usuario, lo que no conllevar\u00e1 ninguna obligaci\u00f3n legal con el mismo o con terceros.<\/p>\n<p><strong>V\u00ednculos a Terceros<\/strong><\/p>\n<p>En el caso de v\u00ednculos a sitios de terceros, el usuario pasar\u00e1 a estar regido por las Condiciones Generales\/ Aviso Legal del nuevo sitio. FANPSE no ser\u00e1 responsable ni tendr\u00e1 obligaci\u00f3n legal por el uso de tales sitios.<\/p>\n<p><strong>Exclusi\u00f3n de garant\u00edas y responsabilidad<\/strong>:<\/p>\n<p>FANPSE no se hace responsable, en ning\u00fan caso, de los da\u00f1os y perjuicios de cualquier naturaleza que pudieran ocasionar, a t\u00edtulo enunciativo y no limitativo: errores u omisiones en los contenidos de los textos publicados, falta de disponibilidad del portal o la transmisi\u00f3n de virus o programas maliciosos o lesivos en los contenidos, a pesar de haber adoptado todas las medidas tecnol\u00f3gicas necesarias para evitarlo.<\/p>\n<p>Asimismo, aunque se intenta en la medida de lo posible mantener la informaci\u00f3n actualizada, FANPSE no puede garantizar la exactitud de la informaci\u00f3n que ofrece en este sitio Web, que puede estar incompleta o contener errores, debido principalmente a la r\u00e1pida evoluci\u00f3n de la normativa de referencia.<\/p>\n<p><strong>Derechos de Autor (Propiedad intelectual e industrial) <\/strong><\/p>\n<p>Todos los textos e im\u00e1genes contenidos en el sitio Web de FANPSE poseen derechos de autor y no pueden ser reproducidos sin autorizaci\u00f3n por escrito de sus propietarios legales.<\/p>\n<p><strong>Privacidad<\/strong><\/p>\n<p>La informaci\u00f3n que los usuarios proporcionen a FANPSE a trav\u00e9s de las direcciones de correo electr\u00f3nico y de los formularios que se incluyan en este sitio Web, se utiliza para contestar a sus consultas, gestionar su inscripci\u00f3n al congreso, y para el env\u00edo de informaci\u00f3n por cualquier medio, incluidos medios electr\u00f3nicos. Para m\u00e1s informaci\u00f3n acerca del tratamiento de datos en esta Web, consulte nuestra <a href=\"https:\/\/congresofanpse.org\/2024\/politica-de-privacidad\/\">Pol\u00edtica de Privacidad<\/a>.<\/p>\n<p><strong>Legislaci\u00f3n <\/strong><\/p>\n<p>El presente aviso legal se regir\u00e1 por la legislaci\u00f3n espa\u00f1ola.<\/p>\n<p>FANPSE podr\u00e1 modificar el apartado Aviso Legal cuando lo considere pertinente. El usuario deber\u00e1 revisar su contenido en cada visita, ya que los t\u00e9rminos de este pueden ser modificados sin previo aviso. Asimismo, comprende y acepta todas y cada una de las cl\u00e1usulas contenidas en el presente documento. Es de la entera responsabilidad del usuario revisar los t\u00e9rminos recogidos en este apartado.<\/p>\n<p>&nbsp;<\/p>\n<p><strong>\u00daltima actualizaci\u00f3n: 13 de abril de 2023.<\/strong><\/p>\n<p><a href=\"#_ftnref1\" name=\"_ftn1\"><\/a><a href=\"#_ftnref3\" name=\"_ftn3\"><\/a>[\/vc_column_text][\/vc_column][\/vc_row]<\/p>\n","protected":false},"excerpt":{"rendered":"<p>[vc_row el_class=\u00bbpoliticas-web\u00bb][vc_column][vc_empty_space height=\u00bb30px\u00bb][vc_column_text]Para cumplir con el deber de informaci\u00f3n recogido en art\u00edculo 10 de la Ley 34\/2002, de 11 de julio, de Servicios de la Sociedad de la Informaci\u00f3n y de Comercio Electr\u00f3nico, a continuaci\u00f3n, se reflejan los siguientes datos de informaci\u00f3n general del sitio Web: Titular del sitio Web https:\/\/congresofanpse.org\/2024\/ FEDERACI\u00d3N DE ASOCIACIONES DE&#8230;<\/p>\n","protected":false},"author":3,"featured_media":0,"parent":0,"menu_order":0,"comment_status":"closed","ping_status":"closed","template":"","meta":{"_monsterinsights_skip_tracking":false,"_monsterinsights_sitenote_active":false,"_monsterinsights_sitenote_note":"","_monsterinsights_sitenote_category":0,"footnotes":""},"aioseo_notices":[],"_links":{"self":[{"href":"https:\/\/congresofanpse.org\/2024\/wp-json\/wp\/v2\/pages\/4132"}],"collection":[{"href":"https:\/\/congresofanpse.org\/2024\/wp-json\/wp\/v2\/pages"}],"about":[{"href":"https:\/\/congresofanpse.org\/2024\/wp-json\/wp\/v2\/types\/page"}],"author":[{"embeddable":true,"href":"https:\/\/congresofanpse.org\/2024\/wp-json\/wp\/v2\/users\/3"}],"replies":[{"embeddable":true,"href":"https:\/\/congresofanpse.org\/2024\/wp-json\/wp\/v2\/comments?post=4132"}],"version-history":[{"count":2,"href":"https:\/\/congresofanpse.org\/2024\/wp-json\/wp\/v2\/pages\/4132\/revisions"}],"predecessor-version":[{"id":4842,"href":"https:\/\/congresofanpse.org\/2024\/wp-json\/wp\/v2\/pages\/4132\/revisions\/4842"}],"wp:attachment":[{"href":"https:\/\/congresofanpse.org\/2024\/wp-json\/wp\/v2\/media?parent=4132"}],"curies":[{"name":"wp","href":"https:\/\/api.w.org\/{rel}","templated":true}]}}