{"id":4054,"date":"2023-04-11T16:52:34","date_gmt":"2023-04-11T14:52:34","guid":{"rendered":"https:\/\/congresofanpse.org\/?page_id=4054"},"modified":"2023-09-05T14:42:08","modified_gmt":"2023-09-05T12:42:08","slug":"transporte","status":"publish","type":"page","link":"https:\/\/congresofanpse.org\/2024\/transporte\/","title":{"rendered":"Transporte"},"content":{"rendered":"<p>[vc_row css=\u00bb.vc_custom_1693915147294{margin-top: 0px !important;}\u00bb][vc_column][vc_column_text el_class=\u00bbtitle-inscripcion\u00bb]Las compa\u00f1\u00edas <strong>IBERIA<\/strong> y <strong>RENFE<\/strong> han sido elegidas transportistas oficiales del <strong>XV Congreso Nacional de Neuropsicolog\u00eda<\/strong>, ofreci\u00e9ndoles a los congresistas tarifas condiciones especiales. A continuaci\u00f3n, puede conocer los descuentos de Iberia y Renfe.[\/vc_column_text][\/vc_column][\/vc_row][vc_row css=\u00bb.vc_custom_1693915152620{margin-top: -20px !important;}\u00bb][vc_column][vc_column_text el_class=\u00bbtitle-inscripcion\u00bb]<\/p>\n<h2 style=\"color: #1e5795; padding-bottom: 25px;\"><b><span data-contrast=\"auto\">DESCUENTO IBERIA<\/span><\/b><\/h2>\n<p>[\/vc_column_text][\/vc_column][\/vc_row][vc_row content_placement=\u00bbmiddle\u00bb css=\u00bb.vc_custom_1693915158395{padding-top: 0px !important;}\u00bb][vc_column width=\u00bb1\/4&#8243;][vc_single_image image=\u00bb4153&#8243; img_size=\u00bbfull\u00bb onclick=\u00bbcustom_link\u00bb img_link_target=\u00bb_blank\u00bb link=\u00bbhttps:\/\/www.iberia.com\/\u00bb][\/vc_column][vc_column width=\u00bb3\/4&#8243;][vc_column_text]IBERIA L.A.E. Transportista A\u00e9reo Preferente <strong>XV Congreso Nacional de Neuropsicolog\u00eda<\/strong><b>\u00a0<\/b>en virtud del acuerdo alcanzado,\u202fconceder\u00e1 un\u00a0<strong>10% de descuento<\/strong>\u00a0a los asistentes del congreso.<\/p>\n<p>Para beneficiarse del descuento, haga clic en el logo de Iberia o entre en\u00a0<a href=\"https:\/\/www.iberia.com\/\" target=\"_blank\" rel=\"noopener noreferrer\" data-auth=\"NotApplicable\" data-safelink=\"true\" data-linkindex=\"1\">WWW.IBERIA.COM<\/a><\/p>\n<p>Una vez seleccionada la tarifa de ida y vuelta, haga clic en el apartado \u201c<u>Tengo un c\u00f3digo promocional<\/u>\u201d e incluya el C\u00f3digo de Descuento\u00a0<b>FANPSE24<\/b>\u202f(en may\u00fasculas), teniendo en cuenta que los viajes son v\u00e1lidos desde 5 d\u00edas antes hasta 5 d\u00edas despu\u00e9s de las fechas de celebraci\u00f3n del evento.<\/p>\n<p><i>IMPORTANTE:\u00a0a la hora de viajar deber\u00e1 llevar impresa su carta de confirmaci\u00f3n de inscripci\u00f3n al congreso junto a los billetes.<\/i>[\/vc_column_text][\/vc_column][\/vc_row][vc_row css=\u00bb.vc_custom_1693915163813{margin-top: 0px !important;}\u00bb][vc_column][vc_column_text el_class=\u00bbtitle-inscripcion\u00bb]<\/p>\n<h2 style=\"color: #1e5795; padding-bottom: 25px;\"><b><span data-contrast=\"auto\">DESCUENTO RENFE<\/span><\/b><\/h2>\n<p>[\/vc_column_text][\/vc_column][\/vc_row][vc_row content_placement=\u00bbmiddle\u00bb css=\u00bb.vc_custom_1693915168340{padding-top: 0px !important;}\u00bb][vc_column width=\u00bb1\/4&#8243;][vc_single_image image=\u00bb4057&#8243; img_size=\u00bbfull\u00bb onclick=\u00bbcustom_link\u00bb img_link_target=\u00bb_blank\u00bb link=\u00bbhttps:\/\/www.renfe.com\/es\/es\/viajar\/prepara-tu-viaje\/descuentos\/congresos-y-eventos\/tutorial.html\u00bb][\/vc_column][vc_column width=\u00bb3\/4&#8243;][vc_column_text]Renfe colabora con el \u201c<strong>XV Congreso Nacional de Neuropsicolog\u00eda<\/strong><b>\u201d<\/b>\u00a0ofreciendo un\u00a0<strong>descuento del 5%<\/strong> a las personas inscritas al evento, en trayectos nacionales con destino\/origen Granada.<\/p>\n<p>Esta oferta tiene una validez para trayectos efectuados del <strong>7 al 9 de marzo de 2024<\/strong>.<\/p>\n<p>Para beneficiarse de esta reducci\u00f3n,\u00a0<u>una vez se haya inscrito en el congreso<\/u>, debe contactar con la Secretar\u00eda T\u00e9cnica, a trav\u00e9s del mail\u00a0<a href=\"mailto:congreso.fanpse@cevents.es\" rel=\"noopener noreferrer\" data-auth=\"NotApplicable\" data-safelink=\"true\" data-linkindex=\"1\">congreso.fanpse@cevents.es<\/a>,\u00a0<u>antes de realizar la compra del billete<\/u>. De esta manera, le haremos llegar la \u201cautorizaci\u00f3n de descuento\u201d que le permita beneficiarse de esta oferta.<\/p>\n<p>Los billetes se podr\u00e1n adquirir en los puntos de venta Renfe autorizados, estaciones, agencias de viajes e internet. A trav\u00e9s del siguiente link (*<a href=\"https:\/\/www.renfe.com\/es\/es\/viajar\/prepara-tu-viaje\/descuentos\/congresos-y-eventos\/tutorial.html\" target=\"_blank\" rel=\"noopener noreferrer\" data-auth=\"NotApplicable\" data-safelink=\"true\" data-linkindex=\"2\">Tutorial (renfe.com)<\/a>) puede acceder al tutorial donde se detallan los pasos a seguir para realizar la compra del billete, usando la \u201cautorizaci\u00f3n de descuento\u201d.[\/vc_column_text][\/vc_column][\/vc_row]<\/p>\n","protected":false},"excerpt":{"rendered":"<p>[vc_row css=\u00bb.vc_custom_1693915147294{margin-top: 0px !important;}\u00bb][vc_column][vc_column_text el_class=\u00bbtitle-inscripcion\u00bb]Las compa\u00f1\u00edas IBERIA y RENFE han sido elegidas transportistas oficiales del XV Congreso Nacional de Neuropsicolog\u00eda, ofreci\u00e9ndoles a los congresistas tarifas condiciones especiales. A continuaci\u00f3n, puede conocer los descuentos de Iberia y Renfe.[\/vc_column_text][\/vc_column][\/vc_row][vc_row css=\u00bb.vc_custom_1693915152620{margin-top: -20px !important;}\u00bb][vc_column][vc_column_text el_class=\u00bbtitle-inscripcion\u00bb] DESCUENTO IBERIA [\/vc_column_text][\/vc_column][\/vc_row][vc_row content_placement=\u00bbmiddle\u00bb css=\u00bb.vc_custom_1693915158395{padding-top: 0px !important;}\u00bb][vc_column width=\u00bb1\/4&#8243;][vc_single_image image=\u00bb4153&#8243; img_size=\u00bbfull\u00bb onclick=\u00bbcustom_link\u00bb img_link_target=\u00bb_blank\u00bb link=\u00bbhttps:\/\/www.iberia.com\/\u00bb][\/vc_column][vc_column width=\u00bb3\/4&#8243;][vc_column_text]IBERIA&#8230;<\/p>\n","protected":false},"author":3,"featured_media":0,"parent":0,"menu_order":0,"comment_status":"closed","ping_status":"closed","template":"","meta":{"_monsterinsights_skip_tracking":false,"_monsterinsights_sitenote_active":false,"_monsterinsights_sitenote_note":"","_monsterinsights_sitenote_category":0,"footnotes":""},"aioseo_notices":[],"_links":{"self":[{"href":"https:\/\/congresofanpse.org\/2024\/wp-json\/wp\/v2\/pages\/4054"}],"collection":[{"href":"https:\/\/congresofanpse.org\/2024\/wp-json\/wp\/v2\/pages"}],"about":[{"href":"https:\/\/congresofanpse.org\/2024\/wp-json\/wp\/v2\/types\/page"}],"author":[{"embeddable":true,"href":"https:\/\/congresofanpse.org\/2024\/wp-json\/wp\/v2\/users\/3"}],"replies":[{"embeddable":true,"href":"https:\/\/congresofanpse.org\/2024\/wp-json\/wp\/v2\/comments?post=4054"}],"version-history":[{"count":12,"href":"https:\/\/congresofanpse.org\/2024\/wp-json\/wp\/v2\/pages\/4054\/revisions"}],"predecessor-version":[{"id":4972,"href":"https:\/\/congresofanpse.org\/2024\/wp-json\/wp\/v2\/pages\/4054\/revisions\/4972"}],"wp:attachment":[{"href":"https:\/\/congresofanpse.org\/2024\/wp-json\/wp\/v2\/media?parent=4054"}],"curies":[{"name":"wp","href":"https:\/\/api.w.org\/{rel}","templated":true}]}}