{"id":2714,"date":"2018-10-03T19:39:46","date_gmt":"2018-10-03T17:39:46","guid":{"rendered":"http:\/\/congresofanpse.org\/?page_id=2714"},"modified":"2023-10-31T09:54:26","modified_gmt":"2023-10-31T08:54:26","slug":"terminos-condiciones","status":"publish","type":"page","link":"https:\/\/congresofanpse.org\/2024\/terminos-condiciones\/","title":{"rendered":"T\u00e9rminos y Condiciones"},"content":{"rendered":"<p>[vc_row el_class=\u00bbpoliticas-web\u00bb][vc_column]<div class=\"content-title-element dark size1 center\"><div class=\"title\">T\u00e9rminos y condiciones <span>generales de contrataci\u00f3n<\/span><\/div><div class=\"separate\"><i class=\"cubes\" aria-hidden=\"true\"><\/i><\/div><\/div>[vc_empty_space height=\u00bb30px\u00bb][vc_column_text]<strong>1.- OBJETO Y \u00c1MBITO DE APLICACI\u00d3N<\/strong><\/p>\n<p><strong>1.1.-<\/strong> Las presentes Condiciones generales de contrataci\u00f3n (en adelante, las \u201cCONDICIONES\u201d) tienen como objeto regular la compraventa de la inscripci\u00f3n al XV Congreso Nacional Neuropsicolog\u00eda 2024 y a los talleres realizados en el \u00e1mbito de este, a trav\u00e9s de la p\u00e1gina Web <a href=\"http:\/\/congresofanpse.org\/2024\/\">http:\/\/congresofanpse.org\/2024\/<\/a> (en adelante, el \u201cSITIO WEB\u201d), pudiendo ser contratados por cualquier usuario que cumpla con los t\u00e9rminos establecidos en estas CONDICIONES.<\/p>\n<p><strong>1.2.-<\/strong> Las presentes CONDICIONES tendr\u00e1n un per\u00edodo de validez indefinido y ser\u00e1n aplicables a todas las contrataciones realizadas a trav\u00e9s del SITIO WEB.<\/p>\n<p><strong>1.3.-<\/strong> La persona que contrate a trav\u00e9s del SITIO WEB (en adelante, el \u201casistente\u201d), quedar\u00e1 vinculada por lo dispuesto en estas CONDICIONES, por lo que no deber\u00e1 formalizar ninguna reserva o inscripci\u00f3n en caso de no estar de acuerdo con cualquiera de sus t\u00e9rminos. Asimismo, se aplicar\u00e1 a la contrataci\u00f3n online de servicios a trav\u00e9s del SITIO WEB lo dispuesto en el <a href=\"https:\/\/congresofanpse.org\/2024\/aviso-legal\/\">Aviso legal<\/a>\u00a0y en la <a href=\"https:\/\/congresofanpse.org\/2024\/politica-de-privacidad\/\">Pol\u00edtica de privacidad<\/a> que se publican en el mismo.<\/p>\n<p><strong>1.4.-<\/strong> El asistente es responsable de la veracidad de todos los datos que facilite a trav\u00e9s de los formularios online de este SITIO WEB.<\/p>\n<p><strong>1.5.-<\/strong> Los pedidos\/inscripciones a trav\u00e9s de este SITIO WEB \u00fanicamente podr\u00e1n formalizarse en castellano.<\/p>\n<p>&nbsp;<\/p>\n<p><strong>2.- IDENTIFICACI\u00d3N DE LAS PARTES (PRESTADOR DE SERVICIOS DE LA SOCIEDAD DE LA INFORMACI\u00d3N Y ASISTENTE)<\/strong><\/p>\n<p><strong>2.1.-<\/strong>En cumplimiento del art\u00edculo 10 de la Ley 34\/2002, de 11 de julio, de Servicios de la Sociedad de la Informaci\u00f3n y Comercio Electr\u00f3nico, se facilita la siguiente informaci\u00f3n del prestador de servicios y titular del sitio Web:<\/p>\n<p><strong>FEDERACI\u00d3N DE ASOCIACIONES DE NEUROPSICOLG\u00cdA ESPA\u00d1OLAS<\/strong> (en adelante FANPSE) con CIF G\u201064854938, inscrita en el registro de asociaciones con el n\u00famero indicar domicilio en C\/ Freixa Llarga, s\/n Hospitalet de Llobregat (08907), Barcelona. Tel\u00e9fono indicar Correo electr\u00f3nico <a href=\"mailto:info@fanpse.org\">info@fanpse.org<\/a><\/p>\n<p>La gesti\u00f3n de las inscripciones y la ejecuci\u00f3n de secretar\u00eda t\u00e9cnica del Congreso, incluyendo gesti\u00f3n de pago y la aplicaci\u00f3n para el de \u00e1rea de usuarios ha sido encomendada por FANPSE a la empresa CEVENTS S.L con CIF B98261001, a la cual se podr\u00e1n dirigir para realizar cualquier consulta relativa a las inscripciones a trav\u00e9s del tel\u00e9fono <a href=\"tel:+960914545\">960 91 45 45<\/a> o el correo <a href=\"mailto:congreso.fanpse@cevents.es\">congreso.fanpse@cevents.es<\/a><\/p>\n<p>Se denomina \u201casistente\u201d a la persona que se inscriba debidamente en el Congreso, sea o no miembro de FANPSE, que deber\u00e1 ser mayor de dieciocho (18) a\u00f1os, y tener plena capacidad de obrar para celebrar contratos vinculantes. El asistente, por el hecho de la realizaci\u00f3n de la compraventa, acepta todos los t\u00e9rminos y condiciones recogidos en este apartado, y declara conocer y aceptar la informaci\u00f3n del aviso legal y de la pol\u00edtica de privacidad. (Ser\u00eda conveniente que al pinchar sobre aviso legal o pol\u00edtica de privacidad nos lleve a su contenido)<\/p>\n<p>El asistente queda identificado a trav\u00e9s de los datos facilitados en el formulario de inscripci\u00f3n \/compra, siendo responsable de la veracidad, actualizaci\u00f3n y exactitud de estos<\/p>\n<p><strong>2.2 <\/strong>FANPSE podr\u00e1 modificar estas CONDICIONES en cualquier momento, sin que ello pueda afectar a las contrataciones realizadas a trav\u00e9s del SITIO WEB con anterioridad a la modificaci\u00f3n. Es responsabilidad del ASISTENTE revisar la versi\u00f3n vigente de las CONDICIONES antes de efectuar su pedido.<\/p>\n<p><strong>2.3.-<\/strong>FANPSE se reserva el derecho de denegar y\/o de retirar el acceso a este SITIO WEB, en cualquier momento y sin necesidad de preaviso, a aquellos usuarios que incumplan estas CONDICIONES.<\/p>\n<p>&nbsp;<\/p>\n<p><strong>3.- DESCRIPCI\u00d3N DE LOS SERVICIOS <\/strong><\/p>\n<p><strong>3.1.- <\/strong>Los servicios cuya contrataci\u00f3n online se ofrece en este SITIO WEB son los siguientes:<\/p>\n<p>Inscripci\u00f3n al XV Congreso Nacional Neuropsicolog\u00eda 2024.<\/p>\n<p>Inscripci\u00f3n a los talleres realizados en el \u00e1mbito del Congreso.<\/p>\n<p>Asimismo, pueden estar disponibles para su contrataci\u00f3n online otros servicios.<\/p>\n<p><strong>3.3.-<\/strong> En el SITIO WEB se facilita una descripci\u00f3n de cada uno de los servicios ofertados, junto a sus requisitos, las personas a las que se dirigen y otras informaciones de inter\u00e9s.<\/p>\n<p><strong>3.4.-<\/strong> FANPSE se reserva el derecho de retirar cualquier servicio de este SITIO WEB en cualquier momento, as\u00ed como de modificar y actualizar sus condiciones.<\/p>\n<p><strong>4 CUOTAS DE INSCRICI\u00d3N<\/strong><\/p>\n<p><strong>4.1-<\/strong> Se ofrecen distintos tipos de cuotas de inscripci\u00f3n, tanto al Congreso como a los talleres, en funci\u00f3n del grupo o sector al que pertenezca el asistente. La inscripci\u00f3n efectiva conlleva el abono por adelantado delimporte.<br \/>\n<strong>4.2-<\/strong> FANPSE se reserva el derecho de verificaci\u00f3n de la informaci\u00f3n aportada por el asistente con la finalidad de poder confirmar su pertenencia a FANPSE o el cumplimiento condici\u00f3n o pertenencia entidad que \u00a0le de acceso al tipo de tarifa elegida .En este caso, el solicitante autoriza a FANPSE para dirigirse a dichas entidades para obtener informaci\u00f3n sobre su pertenencia a las mismas.<br \/>\n<strong>4.3-<\/strong> En caso que el asistente seleccione la tarifa de socio de FANPSE, y no lo sea, deber\u00e1 abonar la diferencia en el precio de la inscripci\u00f3n correspondiente. En caso de no cumplir con dicha obligaci\u00f3n, se resolver\u00e1 el contrato, se le devolver\u00e1 el dinero y no podr\u00e1 entrar al Congreso.<\/p>\n<p>&nbsp;<\/p>\n<p><strong>4.- PROCEDIMIENTO DE CONTRATACI\u00d3N<\/strong><\/p>\n<p><strong>4.1.-<\/strong> Para realizar un pedido (inscripci\u00f3n) en el SITIO WEB, el asistente deber\u00e1 entrar en el apartado \u201cacceso inscripciones\u201d y completar el formulario con los datos solicitados. Los campos se\u00f1alados con asterisco (*) son obligatorios. Deber\u00e1 proporcionar su correo electr\u00f3nico y una contrase\u00f1a con los que se crear\u00e1 su cuenta como usuario identificado que le dar\u00e1 acceso a su \u00e1rea personal, a trav\u00e9s de la cual podr\u00e1 realizar cambios o modificaciones en sus inscripciones.<\/p>\n<p>En la siguiente pantalla deber\u00e1 seleccionar si desea presentar una propuesta de comunicaci\u00f3n o simposio\/mesa. Posteriormente seleccionar\u00e1 el tipo de registro que le corresponda entre los indicados y facilitar\u00e1 en su caso, los datos solicitados en la pantalla de datos adicionales. Seguidamente, el asistente seleccionar\u00e1 el medio de pago de su elecci\u00f3n de entre los disponibles en el SITIO WEB. Tras ello, se le requerir\u00e1 el marcado de la casilla de aceptaci\u00f3n de estas CONDICIONES y de la pol\u00edtica de privacidad, por \u00faltimo, deber\u00e1 pulsar el bot\u00f3n de \u201cFinalizar registro\u201d.<\/p>\n<p><strong>4.3.-<\/strong> La contrataci\u00f3n online y pago de los servicios conforme al procedimiento descrito, conlleva la aceptaci\u00f3n \u00edntegra de estas CONDICIONES por parte del ASISTENTE.<\/p>\n<p><strong>4.5.-<\/strong> Una vez realizado el registro, el ASISTENTE recibir\u00e1 un correo electr\u00f3nico confirmando el registro e incluyendo enlace para proceder al pago mediante tarjeta, si seleccion\u00f3 esta forma de pago e indic\u00e1ndole que su plaza no quedar\u00e1 reservada hasta que se realice el pago de su inscripci\u00f3n<\/p>\n<p>Una vez recibida en la Secretar\u00eda T\u00e9cnica su justificante de pago en la cuenta ES72 2100 8729 1113 0002 8682\u00a0(<em>indicando su Nombre + Apellidos en el concepto<\/em>)\u202fo\u00a0nos haya llegado su pago a trav\u00e9s de la\u00a0<strong>pasarela de pago seguro<\/strong>\u00a0(el proceso se llevar\u00e1 a cabo en aproximadamente 48 h. laborables despu\u00e9s de haber recibido su solicitud), procederemos a confirmarle su inscripci\u00f3n al Congreso, y se le enviar\u00e1 la factura definitiva. Si el asistente no recibiera la CONFIRMACI\u00d3N DE INSCRIPCI\u00d3N en el plazo de las 24 horas siguientes a su realizaci\u00f3n, deber\u00e1 comunic\u00e1rnoslo a trav\u00e9s de la direcci\u00f3n de correo electr\u00f3nico <a href=\"mailto:congreso.fanpse@cevents.es\">congreso.fanpse@cevents.es<\/a><\/p>\n<p><strong>4.6.-<\/strong> El ASISTENTE conoce y consiente la emisi\u00f3n de factura en formato electr\u00f3nico por cada pedido realizado, que ser\u00e1 remitida mediante correo electr\u00f3nico a la direcci\u00f3n electr\u00f3nica facilitada por el ASISTENTE.<\/p>\n<p><strong>4.7.-<\/strong> Las inscripciones ser\u00e1n almacenadas por la secretar\u00eda t\u00e9cnica y estar\u00e1n a disposici\u00f3n de FANPSE, pudiendo el ASISTENTE acceder a los mismos con el usuario y contrase\u00f1a generados en el momento de su inscripci\u00f3n. En caso de perder este acceso podr\u00e1 solicitarlo a la secretar\u00eda t\u00e9cnica mediante solicitud a trav\u00e9s de la direcci\u00f3n de correo electr\u00f3nico <a href=\"mailto:congreso.fanpse@cevents.es\">congreso.fanpse@cevents.es<\/a><\/p>\n<p>&nbsp;<\/p>\n<p><strong>5.- PRECIO Y PAGO<\/strong><\/p>\n<p><strong>5.1.- <\/strong>Salvo en caso de error manifiesto, los precios aplicables a la inscripci\u00f3n son los indicados en el SITIO WEB en la fecha de su realizaci\u00f3n. La cuota de inscripci\u00f3n est\u00e1 exenta de IVA, seg\u00fan establece el art\u00edculo 20.1.14 Ley 37\/1992 de 28 de diciembre.<\/p>\n<p><strong>5.2.- <\/strong>El asistente podr\u00e1 realizar el pago mediante cualquiera de los m\u00e9todos siguientes:<\/p>\n<p>Transferencia bancaria<\/p>\n<p>Tarjeta de cr\u00e9dito o d\u00e9bito a trav\u00e9s de la plataforma segura de Redsys operada por el Banco CAIXABANK.<\/p>\n<p>Para efectuar el pago mediante tarjeta, el ASISTENTE ser\u00e1 redirigido a trav\u00e9s de la empresa titular de la plataforma web que presta el servicio para inscripci\u00f3n al Congreso.<br \/>\n<strong>5.3.- <\/strong>Los cargos se realizar\u00e1n en la cuenta asociada a la tarjeta bancaria utilizada en el momento de realizar la inscripci\u00f3n, la cual se confirmar\u00e1 en el momento de confirmar el pago. En el caso de que el cargo no se haya podido realizar por cualquier circunstancia, no se entender\u00e1 confirmada la inscripci\u00f3n.<br \/>\n<strong>5.4.- <\/strong>Se autoriza al env\u00edo de la factura de forma electr\u00f3nica mediante correo electr\u00f3nico al email, indicado. No obstante, pueden contactar a trav\u00e9s del correo congreso.fanpse@cevents.es para consultar temas relacionados con facturaci\u00f3n.<\/p>\n<p><strong>5.5.-<\/strong> El SITIO WEB utiliza el protocolo de comunicaci\u00f3n seguro https y dispone de certificado de seguridad v\u00e1lido, garantizando la transmisi\u00f3n segura de la informaci\u00f3n mediante el cifrado de la misma<\/p>\n<p><strong>5.6.- <\/strong>FANPSE se reserva el derecho a modificar los precios de los servicios, pero los posibles cambios no afectar\u00e1n a las inscripciones con respecto a los que se haya enviado una CONFIRMACI\u00d3N DE INSCRIPCI\u00d3N.<\/p>\n<p>&nbsp;<\/p>\n<p><strong>6.- EJECUCI\u00d3N DE SERVICIOS <\/strong><\/p>\n<p><strong>6.1.-<\/strong> Los servicios contratados se prestar\u00e1n en los lugares, fechas\/horas y con la duraci\u00f3n que se indiquen en cada caso en la descripci\u00f3n del servicio en el SITIO WEB o, en su defecto, dichos detalles se concretar\u00e1n mediante comunicaci\u00f3n entre el ASISTENTE y la Secretar\u00eda T\u00e9cnica del congreso por correo electr\u00f3nico<\/p>\n<p>&nbsp;<\/p>\n<p><strong>7.- DERECHO DE DESISTIMIENTO<\/strong><\/p>\n<p><strong>7.1.- <\/strong>Los servicios contratados a trav\u00e9s de esta Web est\u00e1n exceptuados del derecho de desistimiento, conforme a la normativa legal vigente dado que el Congreso y los talleres son eventos dedicados a profesionales y no a consumidores y usuarios. No obstante, adem\u00e1s, la compra de la entrada al Congreso o a los talleres es totalmente digital y es entregada y ejecutada la compra en el momento del pago, por lo que se perder\u00eda en cualquier caso el derecho de desistimiento.\u00a0.<br \/>\n<strong>7.2.- <\/strong>No obstante, EL ASISTENTE podr\u00e1 cancelar las inscripciones realizadas a trav\u00e9s de esta Web, siendo aplicables las condiciones de cancelaci\u00f3n establecidas en el apartado siguiente \u201cpol\u00edtica de cancelaci\u00f3n\u201d.<\/p>\n<p><strong>7.3.- <\/strong>FANPSE se reserva el derecho de cancelar el Congreso en caso de que no se llegue a los x inscritos. En ese caso, se devolver\u00edan los importes recibidos a los inscritos<\/p>\n<p>&nbsp;<\/p>\n<p><strong>8.- POL\u00cdTICA DE CANCELACI\u00d3N <\/strong><\/p>\n<p><strong>8.1.-<\/strong> El ASISTENTE que hubiera realizado una inscripci\u00f3n podr\u00e1 solicitar su cancelaci\u00f3n. Las cancelaciones ser\u00e1n gestionadas de manera exclusiva a trav\u00e9s del correo electr\u00f3nico <a href=\"mailto:congreso.fanpse@cevents.es\">congreso.fanpse@cevents.es<\/a>.\u00a0 Las cancelaciones recibidas antes del 8 de enero de 2024 tendr\u00e1n derecho al reintegro total del importe pagado. Las cancelaciones recibidas hasta el 26 de enero de 2024 tendr\u00e1n derecho a la devoluci\u00f3n del importe pagado descontando el 25% en concepto de gastos administrativos. Las cancelaciones recibidas a partir del 26 de enero de 2024 no tendr\u00e1n derecho a devoluci\u00f3n.<\/p>\n<p><strong>8.3.-<\/strong> Una vez confirmada la decisi\u00f3n del ASISTENTE de cancelar la contrataci\u00f3n efectuada, procederemos a reembolsar la cantidad correspondiente en funci\u00f3n de la fecha de realizaci\u00f3n de la cancelaci\u00f3n, utilizando el mismo medio de pago empleado por el ASISTENTE para la transacci\u00f3n inicial. No se admitir\u00e1n cancelaciones de servicios ni se efectuar\u00e1n reembolsos, en caso de no comunicarse con la antelaci\u00f3n m\u00ednima indicada.<\/p>\n<p>&nbsp;<\/p>\n<p><strong>9.- GARANT\u00cdA LEGAL Y RESPONSABILIDADES <\/strong><\/p>\n<p><strong>9.1-<\/strong> Observaremos la mayor diligencia en la prestaci\u00f3n de los servicios ofertados de acuerdo con la naturaleza de los mismos, velando en todo momento por los intereses del ASISTENTE.<\/p>\n<p><strong>9.2-<\/strong> Asimismo, FANPSE queda sujeta por tiempo indefinido al deber de confidencialidad con respecto a la totalidad de la informaci\u00f3n relativa al ASISTENTE a la que accedamos para la prestaci\u00f3n de los servicios ofertados, asumiendo el compromiso de adoptar medidas de seguridad adecuadas al nivel de riesgo para preservar la confidencialidad de dicha informaci\u00f3n y para evitar su p\u00e9rdida, destrucci\u00f3n y el acceso no autorizado a la misma.<\/p>\n<p><strong>9.3.-<\/strong> El ASISTENTE reconoce y acepta que la contrataci\u00f3n online de servicios a trav\u00e9s del SITIO WEB se realiza bajo su exclusiva responsabilidad. De igual modo, ser\u00e1 de la exclusiva responsabilidad del ASISTENTE el seguimiento de las pautas y recomendaciones formuladas por FANPSE.<\/p>\n<p><strong>9.4.-<\/strong>FANPSE no se responsabiliza por la falta de disponibilidad, incidencias t\u00e9cnicas o errores de funcionamiento que puedan producirse en el uso de Internet y del SITIO WEB, de las redes de telecomunicaciones empleadas para la comunicaci\u00f3n con el asistente.<\/p>\n<p><strong>9.5.-<\/strong>FANPSE no se responsabiliza de los incumplimientos, impedimentos o retrasos en el cumplimiento de un servicio atribuibles a acontecimientos que est\u00e9n fuera de nuestro control razonable (en adelante, \u201ccausas de fuerza mayor\u201d), incluyendo sin limitar cualquier cat\u00e1strofe natural, conmoci\u00f3n social, guerras, emergencias nacionales, terrorismo, pirater\u00eda, huelgas, cierres patronales, enfermedad, epidemias\/pandemias, accidentes, inexistencia o problemas con el suministro de servicios p\u00fablicos (incluyendo incidencias con el suministro el\u00e9ctrico, de telecomunicaciones o de internet), etc.<\/p>\n<p>&nbsp;<\/p>\n<p><strong>10.- <\/strong><strong>GESTI\u00d3N DE RECLAMACIONES<\/strong><\/p>\n<p>El ASISTENTE puede hacernos llegar sus quejas o reclamaciones a trav\u00e9s de la direcci\u00f3n de correo electr\u00f3nico congreso.fanpse@cevents.es. Procuraremos dar respuesta a dichas quejas o reclamaciones con la mayor rapidez posible.<\/p>\n<p>&nbsp;<\/p>\n<p><strong>11- LEGISLACI\u00d3N APLICABLE Y JURISDICCI\u00d3N<\/strong><\/p>\n<p><strong>11.1.- <\/strong>La relaci\u00f3n entre FANPSE y el ASISTENTE derivada de la realizaci\u00f3n de inscripciones a trav\u00e9s de este SITIO WEB se regir\u00e1 por la legislaci\u00f3n espa\u00f1ola.<\/p>\n<p><strong>11.2.- <\/strong>Las partes se someten, a su elecci\u00f3n, para la resoluci\u00f3n de los conflictos y con renuncia a cualquier otro fuero, a los Juzgados y Tribunales competentes del domicilio del ASISTENTE, siempre que el mismo act\u00fae como consumidor o usuario. En caso contrario, la sumisi\u00f3n ser\u00e1 a los Juzgados y Tribunales competentes de Hospitalet de Llobregat.<\/p>\n<p>&nbsp;<\/p>\n<p><strong>\u00daltima actualizaci\u00f3n: 31 de octubre de 2023.<\/strong><\/p>\n<p><a href=\"#_ftnref1\" name=\"_ftn1\"><\/a><a href=\"#_ftnref3\" name=\"_ftn3\"><\/a>[\/vc_column_text][\/vc_column][\/vc_row]<\/p>\n","protected":false},"excerpt":{"rendered":"<p>[vc_row el_class=\u00bbpoliticas-web\u00bb][vc_column][vc_empty_space height=\u00bb30px\u00bb][vc_column_text]1.- OBJETO Y \u00c1MBITO DE APLICACI\u00d3N 1.1.- Las presentes Condiciones generales de contrataci\u00f3n (en adelante, las \u201cCONDICIONES\u201d) tienen como objeto regular la compraventa de la inscripci\u00f3n al XV Congreso Nacional Neuropsicolog\u00eda 2024 y a los talleres realizados en el \u00e1mbito de este, a trav\u00e9s de la p\u00e1gina Web http:\/\/congresofanpse.org\/2024\/ (en adelante, el \u201cSITIO&#8230;<\/p>\n","protected":false},"author":1,"featured_media":0,"parent":0,"menu_order":0,"comment_status":"closed","ping_status":"closed","template":"","meta":{"_monsterinsights_skip_tracking":false,"_monsterinsights_sitenote_active":false,"_monsterinsights_sitenote_note":"","_monsterinsights_sitenote_category":0,"footnotes":""},"aioseo_notices":[],"_links":{"self":[{"href":"https:\/\/congresofanpse.org\/2024\/wp-json\/wp\/v2\/pages\/2714"}],"collection":[{"href":"https:\/\/congresofanpse.org\/2024\/wp-json\/wp\/v2\/pages"}],"about":[{"href":"https:\/\/congresofanpse.org\/2024\/wp-json\/wp\/v2\/types\/page"}],"author":[{"embeddable":true,"href":"https:\/\/congresofanpse.org\/2024\/wp-json\/wp\/v2\/users\/1"}],"replies":[{"embeddable":true,"href":"https:\/\/congresofanpse.org\/2024\/wp-json\/wp\/v2\/comments?post=2714"}],"version-history":[{"count":12,"href":"https:\/\/congresofanpse.org\/2024\/wp-json\/wp\/v2\/pages\/2714\/revisions"}],"predecessor-version":[{"id":5141,"href":"https:\/\/congresofanpse.org\/2024\/wp-json\/wp\/v2\/pages\/2714\/revisions\/5141"}],"wp:attachment":[{"href":"https:\/\/congresofanpse.org\/2024\/wp-json\/wp\/v2\/media?parent=2714"}],"curies":[{"name":"wp","href":"https:\/\/api.w.org\/{rel}","templated":true}]}}