{"id":170,"date":"2017-03-05T19:28:30","date_gmt":"2017-03-05T18:28:30","guid":{"rendered":"http:\/\/www.demo.gloriathemes.com\/wp\/eventchamp\/?page_id=170"},"modified":"2023-08-31T15:02:30","modified_gmt":"2023-08-31T13:02:30","slug":"ediciones-anteriores","status":"publish","type":"page","link":"https:\/\/congresofanpse.org\/2024\/ediciones-anteriores\/","title":{"rendered":"Ediciones anteriores"},"content":{"rendered":"<p>[vc_row el_class=\u00bbediciones-anteriores\u00bb][vc_column]<div class=\"eventchamp-icon-list style1\"><ul><\/ul><\/div><div class=\"content-title-element dark size1 center\"><div class=\"title\">Congresos <span>Anteriores<\/span><\/div><div class=\"separate\"><i class=\"cubes\" aria-hidden=\"true\"><\/i><\/div><div class=\"description\">En esta secci\u00f3n podr\u00e1s encontrar informaci\u00f3n sobre los congresos anteriores.<\/div><\/div>[vc_empty_space height=\u00bb60px\u00bb][vc_column_text css=\u00bb.vc_custom_1693486949102{margin-bottom: 0px !important;}\u00bb el_class=\u00bbcaja\u00bb]<\/p>\n<h4>XIV Congreso Nacional de Neuropsicolog\u00eda FANPSE<\/h4>\n<p>15-17 de junio de 2023, Madrid<br \/>\n<a style=\"color: #007bff;\" href=\"https:\/\/congresofanpse.org\/2023\/\" target=\"_blank\" rel=\"noopener\">VISITAR WEB<\/a>[\/vc_column_text][vc_empty_space height=\u00bb50px\u00bb][vc_column_text css=\u00bb.vc_custom_1689839232430{margin-bottom: 0px !important;}\u00bb]<\/p>\n<h4>XIII Congreso Nacional de Neuropsicolog\u00eda FANPSE<\/h4>\n<p>12-13 de marzo de 2021, Online<br \/>\n<a style=\"color: #007bff;\" href=\"https:\/\/congresofanpse.org\/2024\/wp-content\/uploads\/2021\/03\/Programa-FANPSE-20XXI_m13.pdf\" target=\"_blank\" rel=\"noopener\">PROGRAMA DESCARGABLE<\/a>[\/vc_column_text][vc_empty_space height=\u00bb50px\u00bb][vc_column_text css=\u00bb.vc_custom_1689839863283{margin-bottom: 0px !important;}\u00bb el_class=\u00bbcaja\u00bb]<\/p>\n<h4>XII Congreso Nacional de Neuropsicolog\u00eda FANPSE<\/h4>\n<p>5-7 de marzo de 2020, Sevilla<br \/>\n<a href=\"https:\/\/congresofanpse.org\/2024\/wp-content\/uploads\/2020\/02\/Programa-Congreso-FANPSE-2020_M6.pdf\" target=\"_blank\" rel=\"noopener\">PROGRAMA DESCARGABLE<\/a>[\/vc_column_text][vc_empty_space height=\u00bb50px\u00bb][vc_column_text css=\u00bb.vc_custom_1689839260463{margin-bottom: 0px !important;}\u00bb]<\/p>\n<h4>XI Congreso Nacional de Neuropsicolog\u00eda FANPSE<\/h4>\n<p>7-9 de marzo de 2019, Madrid<br \/>\n<a href=\"https:\/\/congresofanpse.org\/2024\/wp-content\/uploads\/2019\/03\/Programa_General_FANPSE_2019_M8.pdf\" target=\"_blank\" rel=\"noopener\">PROGRAMA DESCARGABLE<\/a>[\/vc_column_text][vc_empty_space height=\u00bb50px\u00bb][vc_column_text css=\u00bb.vc_custom_1689839876947{margin-bottom: 0px !important;}\u00bb el_class=\u00bbcaja\u00bb]<\/p>\n<h4>X Congreso Nacional de Neuropsicolog\u00eda FANPSE<\/h4>\n<p>1-3 de marzo de 2018, Valencia<br \/>\n<a href=\"https:\/\/congresofanpse.org\/2024\/wp-content\/uploads\/pdf\/programa-x-congreso-fanpse-2018.pdf\" target=\"_blank\" rel=\"noopener\">PROGRAMA DESCARGABLE<\/a>[\/vc_column_text][vc_empty_space height=\u00bb50px\u00bb][vc_column_text css=\u00bb.vc_custom_1689839295341{margin-bottom: 0px !important;}\u00bb]<\/p>\n<h4>IX Congreso Nacional de Neuropsicolog\u00eda FANPSE<\/h4>\n<p>9-11 de marzo de 2017, Barcelona<br \/>\n<a href=\"https:\/\/congresofanpse.org\/2024\/wp-content\/uploads\/pdf\/programa-ix-congreso-fanpse-2017.pdf\" target=\"_blank\" rel=\"noopener\">PROGRAMA DESCARGABLE<\/a><br \/>\n<a href=\"https:\/\/congresofanpse.org\/2024\/wp-content\/uploads\/pdf\/cv-ponentes-2017.pdf\" target=\"_blank\" rel=\"noopener\">PONENTES<\/a>[\/vc_column_text][vc_empty_space height=\u00bb50px\u00bb][vc_column_text css=\u00bb.vc_custom_1689839883461{margin-bottom: 0px !important;}\u00bb el_class=\u00bbcaja\u00bb]<\/p>\n<h4>VIII Congreso Nacional de Neuropsicolog\u00eda FANPSE<\/h4>\n<p>4-5 de marzo de 2016, Zaragoza<br \/>\n<a href=\"https:\/\/congresofanpse.org\/2024\/wp-content\/uploads\/pdf\/programa-viii-congreso-fanpse-2016.pdf\" target=\"_blank\" rel=\"noopener\">PROGRAMA DESCARGABLE<\/a><br \/>\n<a href=\"https:\/\/congresofanpse.org\/2024\/wp-content\/uploads\/pdf\/ponentes-congreso-2016.pdf\" target=\"_blank\" rel=\"noopener\">PONENTES<\/a><br \/>\n<a href=\"https:\/\/congresofanpse.org\/2024\/wp-content\/uploads\/pdf\/premios-2016.pdf\" target=\"_blank\" rel=\"noopener\">PREMIOS<\/a>[\/vc_column_text][vc_empty_space height=\u00bb50px\u00bb][vc_column_text css=\u00bb.vc_custom_1689839342171{margin-bottom: 0px !important;}\u00bb]<\/p>\n<h4>VII Congreso Nacional de Neuropsicolog\u00eda FANPSE<\/h4>\n<p>16-17 de octubre de 2015, Bilbao<br \/>\n<a href=\"https:\/\/congresofanpse.org\/2024\/wp-content\/uploads\/pdf\/programa-vii-congreso-fanpse-2015.pdf\" target=\"_blank\" rel=\"noopener\">PROGRAMA DESCARGABLE<\/a><br \/>\n<a href=\"https:\/\/congresofanpse.org\/2024\/wp-content\/uploads\/pdf\/comunicaciones-vii-congreso-fanpse.pdf\" target=\"_blank\" rel=\"noopener\">COMUNICACIONES ORALES Y P\u00d3STERS ACEPTADOS<\/a>[\/vc_column_text][vc_empty_space height=\u00bb50px\u00bb][vc_column_text css=\u00bb.vc_custom_1689839889190{margin-bottom: 0px !important;}\u00bb el_class=\u00bbcaja\u00bb]<\/p>\n<h4>VI Congreso Nacional de Neuropsicolog\u00eda FANPSE<\/h4>\n<p>8 &#8211; 9 de noviembre de 2013, M\u00e1laga<br \/>\nPROGRAMA DESCARGABLE<br \/>\nCOMUNICACIONES ACEPTADAS[\/vc_column_text][vc_empty_space height=\u00bb50px\u00bb][vc_column_text css=\u00bb.vc_custom_1689839378793{margin-bottom: 0px !important;}\u00bb]<\/p>\n<h4>V Congreso Nacional de Neuropsicolog\u00eda FANPSE<\/h4>\n<p>25-27 de octubre de 2012, Madrid<br \/>\n<a href=\"https:\/\/congresofanpse.org\/2024\/wp-content\/uploads\/pdf\/programa-v-congreso-fanpse-2012.pdf\" target=\"_blank\" rel=\"noopener\">PROGRAMA DESCARGABLE<\/a>[\/vc_column_text][vc_empty_space height=\u00bb50px\u00bb][vc_column_text css=\u00bb.vc_custom_1689839907523{margin-bottom: 0px !important;}\u00bb el_class=\u00bbcaja\u00bb]<\/p>\n<h4>IV Congreso Nacional de Neuropsicolog\u00eda FANPSE<\/h4>\n<p>27-29 de octubre de 2011, Valencia<br \/>\n<a href=\"https:\/\/congresofanpse.org\/2024\/wp-content\/uploads\/pdf\/programa-iv-congreso-fanpse-2011.pdf\" target=\"_blank\" rel=\"noopener\">PROGRAMA DESCARGABLE<\/a><br \/>\n<a href=\"https:\/\/www.dailymotion.com\/search\/fanpse%202011\" target=\"_blank\" rel=\"noopener\">VER V\u00cdDEOS DE LAS COMUNICACIONES<\/a>[\/vc_column_text][vc_empty_space height=\u00bb50px\u00bb][vc_column_text css=\u00bb.vc_custom_1689839417407{margin-bottom: 0px !important;}\u00bb]<\/p>\n<h4>III Congreso Nacional de Neuropsicolog\u00eda FANPSE<\/h4>\n<p>26 y 27 de noviembre de 2010, Oviedo<br \/>\n<a href=\"https:\/\/congresofanpse.org\/2024\/wp-content\/uploads\/pdf\/programa-iii-congreso-fanpse-2010.pdf\" target=\"_blank\" rel=\"noopener\">PROGRAMA DESCARGABLE<\/a><br \/>\n<a href=\"https:\/\/congresofanpse.org\/2024\/wp-content\/uploads\/pdf\/comunicaciones-iii-congreso-fanpse.pdf\" target=\"_blank\" rel=\"noopener\">COMUNICACIONES DESCARGABLES<\/a>[\/vc_column_text][vc_empty_space height=\u00bb50px\u00bb][vc_column_text css=\u00bb.vc_custom_1689839913958{margin-bottom: 0px !important;}\u00bb el_class=\u00bbcaja\u00bb]<\/p>\n<h4>II Congreso Nacional de Neuropsicolog\u00eda FANPSE<\/h4>\n<p>2 y 3 de octubre de 2009, Granada<br \/>\n<a href=\"https:\/\/congresofanpse.org\/2024\/wp-content\/uploads\/pdf\/programa-ii-congreso-fanpse-2009.pdf\" target=\"_blank\" rel=\"noopener\">PROGRAMA DESCARGABLE<\/a><br \/>\n<a href=\"https:\/\/congresofanpse.org\/2024\/wp-content\/uploads\/pdf\/comunicaciones-ii-congreso-fanpse.pdf\" target=\"_blank\" rel=\"noopener\">COMUNICACIONES DESCARGABLES<\/a>[\/vc_column_text][vc_empty_space height=\u00bb50px\u00bb][vc_column_text css=\u00bb.vc_custom_1689839454028{margin-bottom: 0px !important;}\u00bb]<\/p>\n<h4>I Congreso Nacional de Neuropsicolog\u00eda FANPSE<\/h4>\n<p>9 y 10 mayo de 2008, Barcelona<br \/>\n<a href=\"http:\/\/programa-i-congreso-fanpse-2008.pdf\" target=\"_blank\" rel=\"noopener\">PROGRAMA DESCARGABLE<\/a><br \/>\n<a href=\"https:\/\/congresofanpse.org\/2024\/wp-content\/uploads\/pdf\/comunicaciones-i-congreso-fanpse.pdf\" target=\"_blank\" rel=\"noopener\">COMUNICACIONES DESCARGABLES<\/a>[\/vc_column_text][vc_empty_space height=\u00bb20px\u00bb][\/vc_column][\/vc_row][vc_row][vc_column][\/vc_column][\/vc_row]<\/p>\n","protected":false},"excerpt":{"rendered":"<p>[vc_row el_class=\u00bbediciones-anteriores\u00bb][vc_column][vc_empty_space height=\u00bb60px\u00bb][vc_column_text css=\u00bb.vc_custom_1693486949102{margin-bottom: 0px !important;}\u00bb el_class=\u00bbcaja\u00bb] XIV Congreso Nacional de Neuropsicolog\u00eda FANPSE 15-17 de junio de 2023, Madrid VISITAR WEB[\/vc_column_text][vc_empty_space height=\u00bb50px\u00bb][vc_column_text css=\u00bb.vc_custom_1689839232430{margin-bottom: 0px !important;}\u00bb] XIII Congreso Nacional de Neuropsicolog\u00eda FANPSE 12-13 de marzo de 2021, Online PROGRAMA DESCARGABLE[\/vc_column_text][vc_empty_space height=\u00bb50px\u00bb][vc_column_text css=\u00bb.vc_custom_1689839863283{margin-bottom: 0px !important;}\u00bb el_class=\u00bbcaja\u00bb] XII Congreso Nacional de Neuropsicolog\u00eda FANPSE 5-7 de marzo de 2020,&#8230;<\/p>\n","protected":false},"author":1,"featured_media":0,"parent":0,"menu_order":0,"comment_status":"closed","ping_status":"closed","template":"","meta":{"_monsterinsights_skip_tracking":false,"_monsterinsights_sitenote_active":false,"_monsterinsights_sitenote_note":"","_monsterinsights_sitenote_category":0,"footnotes":""},"aioseo_notices":[],"_links":{"self":[{"href":"https:\/\/congresofanpse.org\/2024\/wp-json\/wp\/v2\/pages\/170"}],"collection":[{"href":"https:\/\/congresofanpse.org\/2024\/wp-json\/wp\/v2\/pages"}],"about":[{"href":"https:\/\/congresofanpse.org\/2024\/wp-json\/wp\/v2\/types\/page"}],"author":[{"embeddable":true,"href":"https:\/\/congresofanpse.org\/2024\/wp-json\/wp\/v2\/users\/1"}],"replies":[{"embeddable":true,"href":"https:\/\/congresofanpse.org\/2024\/wp-json\/wp\/v2\/comments?post=170"}],"version-history":[{"count":27,"href":"https:\/\/congresofanpse.org\/2024\/wp-json\/wp\/v2\/pages\/170\/revisions"}],"predecessor-version":[{"id":4964,"href":"https:\/\/congresofanpse.org\/2024\/wp-json\/wp\/v2\/pages\/170\/revisions\/4964"}],"wp:attachment":[{"href":"https:\/\/congresofanpse.org\/2024\/wp-json\/wp\/v2\/media?parent=170"}],"curies":[{"name":"wp","href":"https:\/\/api.w.org\/{rel}","templated":true}]}}